{"id":10436,"date":"2025-02-20T12:24:32","date_gmt":"2025-02-20T17:24:32","guid":{"rendered":"https:\/\/zunzunmarket.com\/?post_type=product&#038;p=10436"},"modified":"2025-03-18T10:09:03","modified_gmt":"2025-03-18T15:09:03","slug":"escalopines-de-pollo-emapanados-1kg","status":"publish","type":"product","link":"https:\/\/zunzunmarket.com\/en\/producto\/escalopines-de-pollo-emapanados-1kg\/","title":{"rendered":"Escalopines de Pollo Empanados (1 Kg)"},"content":{"rendered":"<p>El escalop\u00edn de pollo empanado es un delicioso plato que combina la jugosidad del pollo con un crujiente rebozado dorado. Ideal para cualquier ocasi\u00f3n, este producto se elabora con pechuga de pollo de alta calidad, sazonada y cubierta con una mezcla de pan rallado que le otorga una textura irresistible. Su preparaci\u00f3n es r\u00e1pida y sencilla, lo que lo convierte en una opci\u00f3n perfecta para una comida familiar o una cena r\u00e1pida.<\/p>\n","protected":false},"excerpt":{"rendered":"<p>Escalopines de Pollo Emapanados<\/p>\n","protected":false},"featured_media":5484,"comment_status":"open","ping_status":"closed","template":"","meta":[],"product_brand":[],"product_cat":[205,219,212,226],"product_tag":[2302,2301,855],"class_list":{"0":"post-10436","1":"product","2":"type-product","3":"status-publish","4":"has-post-thumbnail","6":"product_cat-carnes-es","7":"product_cat-otros-alimentos-es","8":"product_cat-pollo","9":"product_cat-preelaborados","10":"product_tag-empanados","11":"product_tag-escalopin","12":"product_tag-pollo","14":"first","15":"instock","16":"sale","17":"taxable","18":"shipping-taxable","19":"purchasable","20":"product-type-simple"},"yoast_head":"<!-- This site is optimized with the Yoast SEO plugin v25.4 - https:\/\/yoast.com\/wordpress\/plugins\/seo\/ -->\n<title>Escalopines de Pollo Empanados (1 Kg) - ZUNZUN MARKET<\/title>\n<meta name=\"description\" content=\"Escalopines de Pollo Emapanados\" \/>\n<meta name=\"robots\" content=\"index, follow, max-snippet:-1, max-image-preview:large, max-video-preview:-1\" \/>\n<link rel=\"canonical\" href=\"https:\/\/zunzunmarket.com\/en\/producto\/escalopines-de-pollo-emapanados-1kg\/\" \/>\n<meta property=\"og:locale\" content=\"en_US\" \/>\n<meta property=\"og:type\" content=\"article\" \/>\n<meta property=\"og:title\" content=\"Escalopines de Pollo Empanados (1 Kg) - ZUNZUN MARKET\" \/>\n<meta property=\"og:description\" content=\"Escalopines de Pollo Emapanados\" \/>\n<meta property=\"og:url\" content=\"https:\/\/zunzunmarket.com\/en\/producto\/escalopines-de-pollo-emapanados-1kg\/\" \/>\n<meta property=\"og:site_name\" content=\"ZUNZUN MARKET\" \/>\n<meta property=\"article:publisher\" content=\"https:\/\/www.facebook.com\/profile.php?id=61557545019369\" \/>\n<meta property=\"article:modified_time\" content=\"2025-03-18T15:09:03+00:00\" \/>\n<meta property=\"og:image\" content=\"https:\/\/zunzunmarket.com\/wp-content\/uploads\/2023\/12\/RM-Escalopines-de-Pollo-scaled.jpg\" \/>\n\t<meta property=\"og:image:width\" content=\"500\" \/>\n\t<meta property=\"og:image:height\" content=\"500\" \/>\n\t<meta property=\"og:image:type\" content=\"image\/jpeg\" \/>\n<meta name=\"twitter:card\" content=\"summary_large_image\" \/>\n<script type=\"application\/ld+json\" class=\"yoast-schema-graph\">{\"@context\":\"https:\/\/schema.org\",\"@graph\":[{\"@type\":\"WebPage\",\"@id\":\"https:\/\/zunzunmarket.com\/en\/producto\/escalopines-de-pollo-emapanados-1kg\/\",\"url\":\"https:\/\/zunzunmarket.com\/en\/producto\/escalopines-de-pollo-emapanados-1kg\/\",\"name\":\"Escalopines de Pollo Empanados (1 Kg) - ZUNZUN MARKET\",\"isPartOf\":{\"@id\":\"https:\/\/zunzunmarket.com\/en\/#website\"},\"primaryImageOfPage\":{\"@id\":\"https:\/\/zunzunmarket.com\/en\/producto\/escalopines-de-pollo-emapanados-1kg\/#primaryimage\"},\"image\":{\"@id\":\"https:\/\/zunzunmarket.com\/en\/producto\/escalopines-de-pollo-emapanados-1kg\/#primaryimage\"},\"thumbnailUrl\":\"https:\/\/zunzunmarket.com\/wp-content\/uploads\/2023\/12\/RM-Escalopines-de-Pollo-scaled.jpg\",\"datePublished\":\"2025-02-20T17:24:32+00:00\",\"dateModified\":\"2025-03-18T15:09:03+00:00\",\"description\":\"Escalopines de Pollo Emapanados\",\"breadcrumb\":{\"@id\":\"https:\/\/zunzunmarket.com\/en\/producto\/escalopines-de-pollo-emapanados-1kg\/#breadcrumb\"},\"inLanguage\":\"en-US\",\"potentialAction\":[{\"@type\":\"ReadAction\",\"target\":[\"https:\/\/zunzunmarket.com\/en\/producto\/escalopines-de-pollo-emapanados-1kg\/\"]}]},{\"@type\":\"ImageObject\",\"inLanguage\":\"en-US\",\"@id\":\"https:\/\/zunzunmarket.com\/en\/producto\/escalopines-de-pollo-emapanados-1kg\/#primaryimage\",\"url\":\"https:\/\/zunzunmarket.com\/wp-content\/uploads\/2023\/12\/RM-Escalopines-de-Pollo-scaled.jpg\",\"contentUrl\":\"https:\/\/zunzunmarket.com\/wp-content\/uploads\/2023\/12\/RM-Escalopines-de-Pollo-scaled.jpg\",\"width\":500,\"height\":500},{\"@type\":\"BreadcrumbList\",\"@id\":\"https:\/\/zunzunmarket.com\/en\/producto\/escalopines-de-pollo-emapanados-1kg\/#breadcrumb\",\"itemListElement\":[{\"@type\":\"ListItem\",\"position\":1,\"name\":\"Portada\",\"item\":\"https:\/\/zunzunmarket.com\/en\/\"},{\"@type\":\"ListItem\",\"position\":2,\"name\":\"All products\",\"item\":\"https:\/\/zunzunmarket.com\/en\/shop\/\"},{\"@type\":\"ListItem\",\"position\":3,\"name\":\"Escalopines de Pollo Empanados (1 Kg)\"}]},{\"@type\":\"WebSite\",\"@id\":\"https:\/\/zunzunmarket.com\/en\/#website\",\"url\":\"https:\/\/zunzunmarket.com\/en\/\",\"name\":\"ZUNZUN MARKET\",\"description\":\"Supermercado online de Audiovisual Edici&oacute;n Media Espa&ntilde;a SL.\",\"publisher\":{\"@id\":\"https:\/\/zunzunmarket.com\/en\/#organization\"},\"potentialAction\":[{\"@type\":\"SearchAction\",\"target\":{\"@type\":\"EntryPoint\",\"urlTemplate\":\"https:\/\/zunzunmarket.com\/en\/?s={search_term_string}\"},\"query-input\":{\"@type\":\"PropertyValueSpecification\",\"valueRequired\":true,\"valueName\":\"search_term_string\"}}],\"inLanguage\":\"en-US\"},{\"@type\":\"Organization\",\"@id\":\"https:\/\/zunzunmarket.com\/en\/#organization\",\"name\":\"ZUNZUN MARKET\",\"url\":\"https:\/\/zunzunmarket.com\/en\/\",\"logo\":{\"@type\":\"ImageObject\",\"inLanguage\":\"en-US\",\"@id\":\"https:\/\/zunzunmarket.com\/en\/#\/schema\/logo\/image\/\",\"url\":\"https:\/\/zunzunmarket.com\/wp-content\/uploads\/2023\/09\/Logo_Zunzun_Market_400x400px_white_tiny.png\",\"contentUrl\":\"https:\/\/zunzunmarket.com\/wp-content\/uploads\/2023\/09\/Logo_Zunzun_Market_400x400px_white_tiny.png\",\"width\":400,\"height\":400,\"caption\":\"ZUNZUN MARKET\"},\"image\":{\"@id\":\"https:\/\/zunzunmarket.com\/en\/#\/schema\/logo\/image\/\"},\"sameAs\":[\"https:\/\/www.facebook.com\/profile.php?id=61557545019369\",\"https:\/\/www.instagram.com\/zunzun_market?igsh=MTIyc2t3NHR6ZmNuMA==\"]}]}<\/script>\n<!-- \/ Yoast SEO plugin. -->","yoast_head_json":{"title":"Escalopines de Pollo Empanados (1 Kg) - ZUNZUN MARKET","description":"Escalopines de Pollo Emapanados","robots":{"index":"index","follow":"follow","max-snippet":"max-snippet:-1","max-image-preview":"max-image-preview:large","max-video-preview":"max-video-preview:-1"},"canonical":"https:\/\/zunzunmarket.com\/en\/producto\/escalopines-de-pollo-emapanados-1kg\/","og_locale":"en_US","og_type":"article","og_title":"Escalopines de Pollo Empanados (1 Kg) - ZUNZUN MARKET","og_description":"Escalopines de Pollo Emapanados","og_url":"https:\/\/zunzunmarket.com\/en\/producto\/escalopines-de-pollo-emapanados-1kg\/","og_site_name":"ZUNZUN MARKET","article_publisher":"https:\/\/www.facebook.com\/profile.php?id=61557545019369","article_modified_time":"2025-03-18T15:09:03+00:00","og_image":[{"width":500,"height":500,"url":"https:\/\/zunzunmarket.com\/wp-content\/uploads\/2023\/12\/RM-Escalopines-de-Pollo-scaled.jpg","type":"image\/jpeg"}],"twitter_card":"summary_large_image","schema":{"@context":"https:\/\/schema.org","@graph":[{"@type":"WebPage","@id":"https:\/\/zunzunmarket.com\/en\/producto\/escalopines-de-pollo-emapanados-1kg\/","url":"https:\/\/zunzunmarket.com\/en\/producto\/escalopines-de-pollo-emapanados-1kg\/","name":"Escalopines de Pollo Empanados (1 Kg) - ZUNZUN MARKET","isPartOf":{"@id":"https:\/\/zunzunmarket.com\/en\/#website"},"primaryImageOfPage":{"@id":"https:\/\/zunzunmarket.com\/en\/producto\/escalopines-de-pollo-emapanados-1kg\/#primaryimage"},"image":{"@id":"https:\/\/zunzunmarket.com\/en\/producto\/escalopines-de-pollo-emapanados-1kg\/#primaryimage"},"thumbnailUrl":"https:\/\/zunzunmarket.com\/wp-content\/uploads\/2023\/12\/RM-Escalopines-de-Pollo-scaled.jpg","datePublished":"2025-02-20T17:24:32+00:00","dateModified":"2025-03-18T15:09:03+00:00","description":"Escalopines de Pollo Emapanados","breadcrumb":{"@id":"https:\/\/zunzunmarket.com\/en\/producto\/escalopines-de-pollo-emapanados-1kg\/#breadcrumb"},"inLanguage":"en-US","potentialAction":[{"@type":"ReadAction","target":["https:\/\/zunzunmarket.com\/en\/producto\/escalopines-de-pollo-emapanados-1kg\/"]}]},{"@type":"ImageObject","inLanguage":"en-US","@id":"https:\/\/zunzunmarket.com\/en\/producto\/escalopines-de-pollo-emapanados-1kg\/#primaryimage","url":"https:\/\/zunzunmarket.com\/wp-content\/uploads\/2023\/12\/RM-Escalopines-de-Pollo-scaled.jpg","contentUrl":"https:\/\/zunzunmarket.com\/wp-content\/uploads\/2023\/12\/RM-Escalopines-de-Pollo-scaled.jpg","width":500,"height":500},{"@type":"BreadcrumbList","@id":"https:\/\/zunzunmarket.com\/en\/producto\/escalopines-de-pollo-emapanados-1kg\/#breadcrumb","itemListElement":[{"@type":"ListItem","position":1,"name":"Portada","item":"https:\/\/zunzunmarket.com\/en\/"},{"@type":"ListItem","position":2,"name":"All products","item":"https:\/\/zunzunmarket.com\/en\/shop\/"},{"@type":"ListItem","position":3,"name":"Escalopines de Pollo Empanados (1 Kg)"}]},{"@type":"WebSite","@id":"https:\/\/zunzunmarket.com\/en\/#website","url":"https:\/\/zunzunmarket.com\/en\/","name":"ZUNZUN MARKET","description":"Supermercado online de Audiovisual Edici&oacute;n Media Espa&ntilde;a SL.","publisher":{"@id":"https:\/\/zunzunmarket.com\/en\/#organization"},"potentialAction":[{"@type":"SearchAction","target":{"@type":"EntryPoint","urlTemplate":"https:\/\/zunzunmarket.com\/en\/?s={search_term_string}"},"query-input":{"@type":"PropertyValueSpecification","valueRequired":true,"valueName":"search_term_string"}}],"inLanguage":"en-US"},{"@type":"Organization","@id":"https:\/\/zunzunmarket.com\/en\/#organization","name":"ZUNZUN MARKET","url":"https:\/\/zunzunmarket.com\/en\/","logo":{"@type":"ImageObject","inLanguage":"en-US","@id":"https:\/\/zunzunmarket.com\/en\/#\/schema\/logo\/image\/","url":"https:\/\/zunzunmarket.com\/wp-content\/uploads\/2023\/09\/Logo_Zunzun_Market_400x400px_white_tiny.png","contentUrl":"https:\/\/zunzunmarket.com\/wp-content\/uploads\/2023\/09\/Logo_Zunzun_Market_400x400px_white_tiny.png","width":400,"height":400,"caption":"ZUNZUN MARKET"},"image":{"@id":"https:\/\/zunzunmarket.com\/en\/#\/schema\/logo\/image\/"},"sameAs":["https:\/\/www.facebook.com\/profile.php?id=61557545019369","https:\/\/www.instagram.com\/zunzun_market?igsh=MTIyc2t3NHR6ZmNuMA=="]}]}},"_links":{"self":[{"href":"https:\/\/zunzunmarket.com\/en\/wp-json\/wp\/v2\/product\/10436"}],"collection":[{"href":"https:\/\/zunzunmarket.com\/en\/wp-json\/wp\/v2\/product"}],"about":[{"href":"https:\/\/zunzunmarket.com\/en\/wp-json\/wp\/v2\/types\/product"}],"replies":[{"embeddable":true,"href":"https:\/\/zunzunmarket.com\/en\/wp-json\/wp\/v2\/comments?post=10436"}],"wp:featuredmedia":[{"embeddable":true,"href":"https:\/\/zunzunmarket.com\/en\/wp-json\/wp\/v2\/media\/5484"}],"wp:attachment":[{"href":"https:\/\/zunzunmarket.com\/en\/wp-json\/wp\/v2\/media?parent=10436"}],"wp:term":[{"taxonomy":"product_brand","embeddable":true,"href":"https:\/\/zunzunmarket.com\/en\/wp-json\/wp\/v2\/product_brand?post=10436"},{"taxonomy":"product_cat","embeddable":true,"href":"https:\/\/zunzunmarket.com\/en\/wp-json\/wp\/v2\/product_cat?post=10436"},{"taxonomy":"product_tag","embeddable":true,"href":"https:\/\/zunzunmarket.com\/en\/wp-json\/wp\/v2\/product_tag?post=10436"}],"curies":[{"name":"wp","href":"https:\/\/api.w.org\/{rel}","templated":true}]}}