{"id":10422,"date":"2025-02-20T11:55:46","date_gmt":"2025-02-20T16:55:46","guid":{"rendered":"https:\/\/zunzunmarket.com\/?post_type=product&#038;p=10422"},"modified":"2025-02-21T09:29:53","modified_gmt":"2025-02-21T14:29:53","slug":"cuartos-de-pollo-al-natural-caja-de-18kg","status":"publish","type":"product","link":"https:\/\/zunzunmarket.com\/en\/producto\/cuartos-de-pollo-al-natural-caja-de-18kg\/","title":{"rendered":"Cuartos de Pollo al Natural (Caja de 18kg)"},"content":{"rendered":"<p>Los cuartos de pollo al natural son una opci\u00f3n deliciosa y saludable para cualquier comida. Este producto, proveniente de aves criadas en condiciones \u00f3ptimas, garantiza frescura y sabor en cada bocado. Ideal para asar, guisar o fre\u00edr, su versatilidad en la cocina permite preparar una amplia variedad de platillos que satisfacen todos los paladares. Adem\u00e1s, su presentaci\u00f3n al natural asegura que se conserve el aut\u00e9ntico sabor del pollo, sin aditivos ni conservantes.<\/p>\n","protected":false},"excerpt":{"rendered":"<p>Cuartos de Pollo al Natural<\/p>\n","protected":false},"featured_media":8588,"comment_status":"open","ping_status":"closed","template":"","meta":[],"product_brand":[],"product_cat":[212],"product_tag":[822,855],"class_list":{"0":"post-10422","1":"product","2":"type-product","3":"status-publish","4":"has-post-thumbnail","6":"product_cat-pollo","7":"product_tag-natural","8":"product_tag-pollo","10":"first","11":"instock","12":"sale","13":"taxable","14":"shipping-taxable","15":"purchasable","16":"product-type-simple"},"yoast_head":"<!-- This site is optimized with the Yoast SEO plugin v25.4 - https:\/\/yoast.com\/wordpress\/plugins\/seo\/ -->\n<title>Cuartos de Pollo al Natural (Caja de 18kg) - ZUNZUN MARKET<\/title>\n<meta name=\"description\" content=\"Cuartos de Pollo al Natural\" \/>\n<meta name=\"robots\" content=\"index, follow, max-snippet:-1, max-image-preview:large, max-video-preview:-1\" \/>\n<link rel=\"canonical\" href=\"https:\/\/zunzunmarket.com\/en\/producto\/cuartos-de-pollo-al-natural-caja-de-18kg\/\" \/>\n<meta property=\"og:locale\" content=\"en_US\" \/>\n<meta property=\"og:type\" content=\"article\" \/>\n<meta property=\"og:title\" content=\"Cuartos de Pollo al Natural (Caja de 18kg) - ZUNZUN MARKET\" \/>\n<meta property=\"og:description\" content=\"Cuartos de Pollo al Natural\" \/>\n<meta property=\"og:url\" content=\"https:\/\/zunzunmarket.com\/en\/producto\/cuartos-de-pollo-al-natural-caja-de-18kg\/\" \/>\n<meta property=\"og:site_name\" content=\"ZUNZUN MARKET\" \/>\n<meta property=\"article:publisher\" content=\"https:\/\/www.facebook.com\/profile.php?id=61557545019369\" \/>\n<meta property=\"article:modified_time\" content=\"2025-02-21T14:29:53+00:00\" \/>\n<meta property=\"og:image\" content=\"https:\/\/zunzunmarket.com\/wp-content\/uploads\/2024\/03\/cuartos-de-pollo.jpg\" \/>\n\t<meta property=\"og:image:width\" content=\"173\" \/>\n\t<meta property=\"og:image:height\" content=\"180\" \/>\n\t<meta property=\"og:image:type\" content=\"image\/jpeg\" \/>\n<meta name=\"twitter:card\" content=\"summary_large_image\" \/>\n<script type=\"application\/ld+json\" class=\"yoast-schema-graph\">{\"@context\":\"https:\/\/schema.org\",\"@graph\":[{\"@type\":\"WebPage\",\"@id\":\"https:\/\/zunzunmarket.com\/en\/producto\/cuartos-de-pollo-al-natural-caja-de-18kg\/\",\"url\":\"https:\/\/zunzunmarket.com\/en\/producto\/cuartos-de-pollo-al-natural-caja-de-18kg\/\",\"name\":\"Cuartos de Pollo al Natural (Caja de 18kg) - ZUNZUN MARKET\",\"isPartOf\":{\"@id\":\"https:\/\/zunzunmarket.com\/en\/#website\"},\"primaryImageOfPage\":{\"@id\":\"https:\/\/zunzunmarket.com\/en\/producto\/cuartos-de-pollo-al-natural-caja-de-18kg\/#primaryimage\"},\"image\":{\"@id\":\"https:\/\/zunzunmarket.com\/en\/producto\/cuartos-de-pollo-al-natural-caja-de-18kg\/#primaryimage\"},\"thumbnailUrl\":\"https:\/\/zunzunmarket.com\/wp-content\/uploads\/2024\/03\/cuartos-de-pollo.jpg\",\"datePublished\":\"2025-02-20T16:55:46+00:00\",\"dateModified\":\"2025-02-21T14:29:53+00:00\",\"description\":\"Cuartos de Pollo al Natural\",\"breadcrumb\":{\"@id\":\"https:\/\/zunzunmarket.com\/en\/producto\/cuartos-de-pollo-al-natural-caja-de-18kg\/#breadcrumb\"},\"inLanguage\":\"en-US\",\"potentialAction\":[{\"@type\":\"ReadAction\",\"target\":[\"https:\/\/zunzunmarket.com\/en\/producto\/cuartos-de-pollo-al-natural-caja-de-18kg\/\"]}]},{\"@type\":\"ImageObject\",\"inLanguage\":\"en-US\",\"@id\":\"https:\/\/zunzunmarket.com\/en\/producto\/cuartos-de-pollo-al-natural-caja-de-18kg\/#primaryimage\",\"url\":\"https:\/\/zunzunmarket.com\/wp-content\/uploads\/2024\/03\/cuartos-de-pollo.jpg\",\"contentUrl\":\"https:\/\/zunzunmarket.com\/wp-content\/uploads\/2024\/03\/cuartos-de-pollo.jpg\",\"width\":173,\"height\":180},{\"@type\":\"BreadcrumbList\",\"@id\":\"https:\/\/zunzunmarket.com\/en\/producto\/cuartos-de-pollo-al-natural-caja-de-18kg\/#breadcrumb\",\"itemListElement\":[{\"@type\":\"ListItem\",\"position\":1,\"name\":\"Portada\",\"item\":\"https:\/\/zunzunmarket.com\/en\/\"},{\"@type\":\"ListItem\",\"position\":2,\"name\":\"All products\",\"item\":\"https:\/\/zunzunmarket.com\/en\/shop\/\"},{\"@type\":\"ListItem\",\"position\":3,\"name\":\"Cuartos de Pollo al Natural (Caja de 18kg)\"}]},{\"@type\":\"WebSite\",\"@id\":\"https:\/\/zunzunmarket.com\/en\/#website\",\"url\":\"https:\/\/zunzunmarket.com\/en\/\",\"name\":\"ZUNZUN MARKET\",\"description\":\"Supermercado online de Audiovisual Edici&oacute;n Media Espa&ntilde;a SL.\",\"publisher\":{\"@id\":\"https:\/\/zunzunmarket.com\/en\/#organization\"},\"potentialAction\":[{\"@type\":\"SearchAction\",\"target\":{\"@type\":\"EntryPoint\",\"urlTemplate\":\"https:\/\/zunzunmarket.com\/en\/?s={search_term_string}\"},\"query-input\":{\"@type\":\"PropertyValueSpecification\",\"valueRequired\":true,\"valueName\":\"search_term_string\"}}],\"inLanguage\":\"en-US\"},{\"@type\":\"Organization\",\"@id\":\"https:\/\/zunzunmarket.com\/en\/#organization\",\"name\":\"ZUNZUN MARKET\",\"url\":\"https:\/\/zunzunmarket.com\/en\/\",\"logo\":{\"@type\":\"ImageObject\",\"inLanguage\":\"en-US\",\"@id\":\"https:\/\/zunzunmarket.com\/en\/#\/schema\/logo\/image\/\",\"url\":\"https:\/\/zunzunmarket.com\/wp-content\/uploads\/2023\/09\/Logo_Zunzun_Market_400x400px_white_tiny.png\",\"contentUrl\":\"https:\/\/zunzunmarket.com\/wp-content\/uploads\/2023\/09\/Logo_Zunzun_Market_400x400px_white_tiny.png\",\"width\":400,\"height\":400,\"caption\":\"ZUNZUN MARKET\"},\"image\":{\"@id\":\"https:\/\/zunzunmarket.com\/en\/#\/schema\/logo\/image\/\"},\"sameAs\":[\"https:\/\/www.facebook.com\/profile.php?id=61557545019369\",\"https:\/\/www.instagram.com\/zunzun_market?igsh=MTIyc2t3NHR6ZmNuMA==\"]}]}<\/script>\n<!-- \/ Yoast SEO plugin. -->","yoast_head_json":{"title":"Cuartos de Pollo al Natural (Caja de 18kg) - ZUNZUN MARKET","description":"Cuartos de Pollo al Natural","robots":{"index":"index","follow":"follow","max-snippet":"max-snippet:-1","max-image-preview":"max-image-preview:large","max-video-preview":"max-video-preview:-1"},"canonical":"https:\/\/zunzunmarket.com\/en\/producto\/cuartos-de-pollo-al-natural-caja-de-18kg\/","og_locale":"en_US","og_type":"article","og_title":"Cuartos de Pollo al Natural (Caja de 18kg) - ZUNZUN MARKET","og_description":"Cuartos de Pollo al Natural","og_url":"https:\/\/zunzunmarket.com\/en\/producto\/cuartos-de-pollo-al-natural-caja-de-18kg\/","og_site_name":"ZUNZUN MARKET","article_publisher":"https:\/\/www.facebook.com\/profile.php?id=61557545019369","article_modified_time":"2025-02-21T14:29:53+00:00","og_image":[{"width":173,"height":180,"url":"https:\/\/zunzunmarket.com\/wp-content\/uploads\/2024\/03\/cuartos-de-pollo.jpg","type":"image\/jpeg"}],"twitter_card":"summary_large_image","schema":{"@context":"https:\/\/schema.org","@graph":[{"@type":"WebPage","@id":"https:\/\/zunzunmarket.com\/en\/producto\/cuartos-de-pollo-al-natural-caja-de-18kg\/","url":"https:\/\/zunzunmarket.com\/en\/producto\/cuartos-de-pollo-al-natural-caja-de-18kg\/","name":"Cuartos de Pollo al Natural (Caja de 18kg) - ZUNZUN MARKET","isPartOf":{"@id":"https:\/\/zunzunmarket.com\/en\/#website"},"primaryImageOfPage":{"@id":"https:\/\/zunzunmarket.com\/en\/producto\/cuartos-de-pollo-al-natural-caja-de-18kg\/#primaryimage"},"image":{"@id":"https:\/\/zunzunmarket.com\/en\/producto\/cuartos-de-pollo-al-natural-caja-de-18kg\/#primaryimage"},"thumbnailUrl":"https:\/\/zunzunmarket.com\/wp-content\/uploads\/2024\/03\/cuartos-de-pollo.jpg","datePublished":"2025-02-20T16:55:46+00:00","dateModified":"2025-02-21T14:29:53+00:00","description":"Cuartos de Pollo al Natural","breadcrumb":{"@id":"https:\/\/zunzunmarket.com\/en\/producto\/cuartos-de-pollo-al-natural-caja-de-18kg\/#breadcrumb"},"inLanguage":"en-US","potentialAction":[{"@type":"ReadAction","target":["https:\/\/zunzunmarket.com\/en\/producto\/cuartos-de-pollo-al-natural-caja-de-18kg\/"]}]},{"@type":"ImageObject","inLanguage":"en-US","@id":"https:\/\/zunzunmarket.com\/en\/producto\/cuartos-de-pollo-al-natural-caja-de-18kg\/#primaryimage","url":"https:\/\/zunzunmarket.com\/wp-content\/uploads\/2024\/03\/cuartos-de-pollo.jpg","contentUrl":"https:\/\/zunzunmarket.com\/wp-content\/uploads\/2024\/03\/cuartos-de-pollo.jpg","width":173,"height":180},{"@type":"BreadcrumbList","@id":"https:\/\/zunzunmarket.com\/en\/producto\/cuartos-de-pollo-al-natural-caja-de-18kg\/#breadcrumb","itemListElement":[{"@type":"ListItem","position":1,"name":"Portada","item":"https:\/\/zunzunmarket.com\/en\/"},{"@type":"ListItem","position":2,"name":"All products","item":"https:\/\/zunzunmarket.com\/en\/shop\/"},{"@type":"ListItem","position":3,"name":"Cuartos de Pollo al Natural (Caja de 18kg)"}]},{"@type":"WebSite","@id":"https:\/\/zunzunmarket.com\/en\/#website","url":"https:\/\/zunzunmarket.com\/en\/","name":"ZUNZUN MARKET","description":"Supermercado online de Audiovisual Edici&oacute;n Media Espa&ntilde;a SL.","publisher":{"@id":"https:\/\/zunzunmarket.com\/en\/#organization"},"potentialAction":[{"@type":"SearchAction","target":{"@type":"EntryPoint","urlTemplate":"https:\/\/zunzunmarket.com\/en\/?s={search_term_string}"},"query-input":{"@type":"PropertyValueSpecification","valueRequired":true,"valueName":"search_term_string"}}],"inLanguage":"en-US"},{"@type":"Organization","@id":"https:\/\/zunzunmarket.com\/en\/#organization","name":"ZUNZUN MARKET","url":"https:\/\/zunzunmarket.com\/en\/","logo":{"@type":"ImageObject","inLanguage":"en-US","@id":"https:\/\/zunzunmarket.com\/en\/#\/schema\/logo\/image\/","url":"https:\/\/zunzunmarket.com\/wp-content\/uploads\/2023\/09\/Logo_Zunzun_Market_400x400px_white_tiny.png","contentUrl":"https:\/\/zunzunmarket.com\/wp-content\/uploads\/2023\/09\/Logo_Zunzun_Market_400x400px_white_tiny.png","width":400,"height":400,"caption":"ZUNZUN MARKET"},"image":{"@id":"https:\/\/zunzunmarket.com\/en\/#\/schema\/logo\/image\/"},"sameAs":["https:\/\/www.facebook.com\/profile.php?id=61557545019369","https:\/\/www.instagram.com\/zunzun_market?igsh=MTIyc2t3NHR6ZmNuMA=="]}]}},"_links":{"self":[{"href":"https:\/\/zunzunmarket.com\/en\/wp-json\/wp\/v2\/product\/10422"}],"collection":[{"href":"https:\/\/zunzunmarket.com\/en\/wp-json\/wp\/v2\/product"}],"about":[{"href":"https:\/\/zunzunmarket.com\/en\/wp-json\/wp\/v2\/types\/product"}],"replies":[{"embeddable":true,"href":"https:\/\/zunzunmarket.com\/en\/wp-json\/wp\/v2\/comments?post=10422"}],"wp:featuredmedia":[{"embeddable":true,"href":"https:\/\/zunzunmarket.com\/en\/wp-json\/wp\/v2\/media\/8588"}],"wp:attachment":[{"href":"https:\/\/zunzunmarket.com\/en\/wp-json\/wp\/v2\/media?parent=10422"}],"wp:term":[{"taxonomy":"product_brand","embeddable":true,"href":"https:\/\/zunzunmarket.com\/en\/wp-json\/wp\/v2\/product_brand?post=10422"},{"taxonomy":"product_cat","embeddable":true,"href":"https:\/\/zunzunmarket.com\/en\/wp-json\/wp\/v2\/product_cat?post=10422"},{"taxonomy":"product_tag","embeddable":true,"href":"https:\/\/zunzunmarket.com\/en\/wp-json\/wp\/v2\/product_tag?post=10422"}],"curies":[{"name":"wp","href":"https:\/\/api.w.org\/{rel}","templated":true}]}}