{"id":10368,"date":"2025-02-17T14:09:46","date_gmt":"2025-02-17T19:09:46","guid":{"rendered":"https:\/\/zunzunmarket.com\/?post_type=product&#038;p=10368"},"modified":"2025-03-18T08:54:01","modified_gmt":"2025-03-18T13:54:01","slug":"croquetas-de-atun-20u","status":"publish","type":"product","link":"https:\/\/zunzunmarket.com\/en\/producto\/croquetas-de-atun-20u\/","title":{"rendered":"Croquetas de At\u00fan (20u)"},"content":{"rendered":"<p>Las croquetas de at\u00fan son un delicioso aperitivo que combina la suavidad del at\u00fan con una crujiente capa dorada. Elaboradas con ingredientes de alta calidad, estas croquetas ofrecen un sabor intenso y una textura irresistible, perfectas para cualquier ocasi\u00f3n. Su versatilidad las convierte en una opci\u00f3n ideal tanto para eventos formales como para reuniones informales.<\/p>\n","protected":false},"excerpt":{"rendered":"<p>Croquetas de At\u00fan<\/p>\n","protected":false},"featured_media":6020,"comment_status":"open","ping_status":"closed","template":"","meta":[],"product_brand":[],"product_cat":[219,228],"product_tag":[1899,1057],"class_list":{"0":"post-10368","1":"product","2":"type-product","3":"status-publish","4":"has-post-thumbnail","6":"product_cat-otros-alimentos-es","7":"product_cat-pescados-y-mariscos-es","8":"product_tag-atun","9":"product_tag-croquetas","11":"first","12":"instock","13":"sale","14":"featured","15":"taxable","16":"shipping-taxable","17":"purchasable","18":"product-type-simple"},"yoast_head":"<!-- This site is optimized with the Yoast SEO plugin v25.4 - https:\/\/yoast.com\/wordpress\/plugins\/seo\/ -->\n<title>Croquetas de At\u00fan (20u) - ZUNZUN MARKET<\/title>\n<meta name=\"description\" content=\"Croquetas de At\u00fan\" \/>\n<meta name=\"robots\" content=\"index, follow, max-snippet:-1, max-image-preview:large, max-video-preview:-1\" \/>\n<link rel=\"canonical\" href=\"https:\/\/zunzunmarket.com\/en\/producto\/croquetas-de-atun-20u\/\" \/>\n<meta property=\"og:locale\" content=\"en_US\" \/>\n<meta property=\"og:type\" content=\"article\" \/>\n<meta property=\"og:title\" content=\"Croquetas de At\u00fan (20u) - ZUNZUN MARKET\" \/>\n<meta property=\"og:description\" content=\"Croquetas de At\u00fan\" \/>\n<meta property=\"og:url\" content=\"https:\/\/zunzunmarket.com\/en\/producto\/croquetas-de-atun-20u\/\" \/>\n<meta property=\"og:site_name\" content=\"ZUNZUN MARKET\" \/>\n<meta property=\"article:publisher\" content=\"https:\/\/www.facebook.com\/profile.php?id=61557545019369\" \/>\n<meta property=\"article:modified_time\" content=\"2025-03-18T13:54:01+00:00\" \/>\n<meta property=\"og:image\" content=\"https:\/\/zunzunmarket.com\/wp-content\/uploads\/2024\/01\/Croquetas-de-Atun.jpg\" \/>\n\t<meta property=\"og:image:width\" content=\"500\" \/>\n\t<meta property=\"og:image:height\" content=\"500\" \/>\n\t<meta property=\"og:image:type\" content=\"image\/jpeg\" \/>\n<meta name=\"twitter:card\" content=\"summary_large_image\" \/>\n<script type=\"application\/ld+json\" class=\"yoast-schema-graph\">{\"@context\":\"https:\/\/schema.org\",\"@graph\":[{\"@type\":\"WebPage\",\"@id\":\"https:\/\/zunzunmarket.com\/en\/producto\/croquetas-de-atun-20u\/\",\"url\":\"https:\/\/zunzunmarket.com\/en\/producto\/croquetas-de-atun-20u\/\",\"name\":\"Croquetas de At\u00fan (20u) - ZUNZUN MARKET\",\"isPartOf\":{\"@id\":\"https:\/\/zunzunmarket.com\/en\/#website\"},\"primaryImageOfPage\":{\"@id\":\"https:\/\/zunzunmarket.com\/en\/producto\/croquetas-de-atun-20u\/#primaryimage\"},\"image\":{\"@id\":\"https:\/\/zunzunmarket.com\/en\/producto\/croquetas-de-atun-20u\/#primaryimage\"},\"thumbnailUrl\":\"https:\/\/zunzunmarket.com\/wp-content\/uploads\/2024\/01\/Croquetas-de-Atun.jpg\",\"datePublished\":\"2025-02-17T19:09:46+00:00\",\"dateModified\":\"2025-03-18T13:54:01+00:00\",\"description\":\"Croquetas de At\u00fan\",\"breadcrumb\":{\"@id\":\"https:\/\/zunzunmarket.com\/en\/producto\/croquetas-de-atun-20u\/#breadcrumb\"},\"inLanguage\":\"en-US\",\"potentialAction\":[{\"@type\":\"ReadAction\",\"target\":[\"https:\/\/zunzunmarket.com\/en\/producto\/croquetas-de-atun-20u\/\"]}]},{\"@type\":\"ImageObject\",\"inLanguage\":\"en-US\",\"@id\":\"https:\/\/zunzunmarket.com\/en\/producto\/croquetas-de-atun-20u\/#primaryimage\",\"url\":\"https:\/\/zunzunmarket.com\/wp-content\/uploads\/2024\/01\/Croquetas-de-Atun.jpg\",\"contentUrl\":\"https:\/\/zunzunmarket.com\/wp-content\/uploads\/2024\/01\/Croquetas-de-Atun.jpg\",\"width\":500,\"height\":500},{\"@type\":\"BreadcrumbList\",\"@id\":\"https:\/\/zunzunmarket.com\/en\/producto\/croquetas-de-atun-20u\/#breadcrumb\",\"itemListElement\":[{\"@type\":\"ListItem\",\"position\":1,\"name\":\"Portada\",\"item\":\"https:\/\/zunzunmarket.com\/en\/\"},{\"@type\":\"ListItem\",\"position\":2,\"name\":\"All products\",\"item\":\"https:\/\/zunzunmarket.com\/en\/shop\/\"},{\"@type\":\"ListItem\",\"position\":3,\"name\":\"Croquetas de At\u00fan (20u)\"}]},{\"@type\":\"WebSite\",\"@id\":\"https:\/\/zunzunmarket.com\/en\/#website\",\"url\":\"https:\/\/zunzunmarket.com\/en\/\",\"name\":\"ZUNZUN MARKET\",\"description\":\"Supermercado online de Audiovisual Edici&oacute;n Media Espa&ntilde;a SL.\",\"publisher\":{\"@id\":\"https:\/\/zunzunmarket.com\/en\/#organization\"},\"potentialAction\":[{\"@type\":\"SearchAction\",\"target\":{\"@type\":\"EntryPoint\",\"urlTemplate\":\"https:\/\/zunzunmarket.com\/en\/?s={search_term_string}\"},\"query-input\":{\"@type\":\"PropertyValueSpecification\",\"valueRequired\":true,\"valueName\":\"search_term_string\"}}],\"inLanguage\":\"en-US\"},{\"@type\":\"Organization\",\"@id\":\"https:\/\/zunzunmarket.com\/en\/#organization\",\"name\":\"ZUNZUN MARKET\",\"url\":\"https:\/\/zunzunmarket.com\/en\/\",\"logo\":{\"@type\":\"ImageObject\",\"inLanguage\":\"en-US\",\"@id\":\"https:\/\/zunzunmarket.com\/en\/#\/schema\/logo\/image\/\",\"url\":\"https:\/\/zunzunmarket.com\/wp-content\/uploads\/2023\/09\/Logo_Zunzun_Market_400x400px_white_tiny.png\",\"contentUrl\":\"https:\/\/zunzunmarket.com\/wp-content\/uploads\/2023\/09\/Logo_Zunzun_Market_400x400px_white_tiny.png\",\"width\":400,\"height\":400,\"caption\":\"ZUNZUN MARKET\"},\"image\":{\"@id\":\"https:\/\/zunzunmarket.com\/en\/#\/schema\/logo\/image\/\"},\"sameAs\":[\"https:\/\/www.facebook.com\/profile.php?id=61557545019369\",\"https:\/\/www.instagram.com\/zunzun_market?igsh=MTIyc2t3NHR6ZmNuMA==\"]}]}<\/script>\n<!-- \/ Yoast SEO plugin. -->","yoast_head_json":{"title":"Croquetas de At\u00fan (20u) - ZUNZUN MARKET","description":"Croquetas de At\u00fan","robots":{"index":"index","follow":"follow","max-snippet":"max-snippet:-1","max-image-preview":"max-image-preview:large","max-video-preview":"max-video-preview:-1"},"canonical":"https:\/\/zunzunmarket.com\/en\/producto\/croquetas-de-atun-20u\/","og_locale":"en_US","og_type":"article","og_title":"Croquetas de At\u00fan (20u) - ZUNZUN MARKET","og_description":"Croquetas de At\u00fan","og_url":"https:\/\/zunzunmarket.com\/en\/producto\/croquetas-de-atun-20u\/","og_site_name":"ZUNZUN MARKET","article_publisher":"https:\/\/www.facebook.com\/profile.php?id=61557545019369","article_modified_time":"2025-03-18T13:54:01+00:00","og_image":[{"width":500,"height":500,"url":"https:\/\/zunzunmarket.com\/wp-content\/uploads\/2024\/01\/Croquetas-de-Atun.jpg","type":"image\/jpeg"}],"twitter_card":"summary_large_image","schema":{"@context":"https:\/\/schema.org","@graph":[{"@type":"WebPage","@id":"https:\/\/zunzunmarket.com\/en\/producto\/croquetas-de-atun-20u\/","url":"https:\/\/zunzunmarket.com\/en\/producto\/croquetas-de-atun-20u\/","name":"Croquetas de At\u00fan (20u) - ZUNZUN MARKET","isPartOf":{"@id":"https:\/\/zunzunmarket.com\/en\/#website"},"primaryImageOfPage":{"@id":"https:\/\/zunzunmarket.com\/en\/producto\/croquetas-de-atun-20u\/#primaryimage"},"image":{"@id":"https:\/\/zunzunmarket.com\/en\/producto\/croquetas-de-atun-20u\/#primaryimage"},"thumbnailUrl":"https:\/\/zunzunmarket.com\/wp-content\/uploads\/2024\/01\/Croquetas-de-Atun.jpg","datePublished":"2025-02-17T19:09:46+00:00","dateModified":"2025-03-18T13:54:01+00:00","description":"Croquetas de At\u00fan","breadcrumb":{"@id":"https:\/\/zunzunmarket.com\/en\/producto\/croquetas-de-atun-20u\/#breadcrumb"},"inLanguage":"en-US","potentialAction":[{"@type":"ReadAction","target":["https:\/\/zunzunmarket.com\/en\/producto\/croquetas-de-atun-20u\/"]}]},{"@type":"ImageObject","inLanguage":"en-US","@id":"https:\/\/zunzunmarket.com\/en\/producto\/croquetas-de-atun-20u\/#primaryimage","url":"https:\/\/zunzunmarket.com\/wp-content\/uploads\/2024\/01\/Croquetas-de-Atun.jpg","contentUrl":"https:\/\/zunzunmarket.com\/wp-content\/uploads\/2024\/01\/Croquetas-de-Atun.jpg","width":500,"height":500},{"@type":"BreadcrumbList","@id":"https:\/\/zunzunmarket.com\/en\/producto\/croquetas-de-atun-20u\/#breadcrumb","itemListElement":[{"@type":"ListItem","position":1,"name":"Portada","item":"https:\/\/zunzunmarket.com\/en\/"},{"@type":"ListItem","position":2,"name":"All products","item":"https:\/\/zunzunmarket.com\/en\/shop\/"},{"@type":"ListItem","position":3,"name":"Croquetas de At\u00fan (20u)"}]},{"@type":"WebSite","@id":"https:\/\/zunzunmarket.com\/en\/#website","url":"https:\/\/zunzunmarket.com\/en\/","name":"ZUNZUN MARKET","description":"Supermercado online de Audiovisual Edici&oacute;n Media Espa&ntilde;a SL.","publisher":{"@id":"https:\/\/zunzunmarket.com\/en\/#organization"},"potentialAction":[{"@type":"SearchAction","target":{"@type":"EntryPoint","urlTemplate":"https:\/\/zunzunmarket.com\/en\/?s={search_term_string}"},"query-input":{"@type":"PropertyValueSpecification","valueRequired":true,"valueName":"search_term_string"}}],"inLanguage":"en-US"},{"@type":"Organization","@id":"https:\/\/zunzunmarket.com\/en\/#organization","name":"ZUNZUN MARKET","url":"https:\/\/zunzunmarket.com\/en\/","logo":{"@type":"ImageObject","inLanguage":"en-US","@id":"https:\/\/zunzunmarket.com\/en\/#\/schema\/logo\/image\/","url":"https:\/\/zunzunmarket.com\/wp-content\/uploads\/2023\/09\/Logo_Zunzun_Market_400x400px_white_tiny.png","contentUrl":"https:\/\/zunzunmarket.com\/wp-content\/uploads\/2023\/09\/Logo_Zunzun_Market_400x400px_white_tiny.png","width":400,"height":400,"caption":"ZUNZUN MARKET"},"image":{"@id":"https:\/\/zunzunmarket.com\/en\/#\/schema\/logo\/image\/"},"sameAs":["https:\/\/www.facebook.com\/profile.php?id=61557545019369","https:\/\/www.instagram.com\/zunzun_market?igsh=MTIyc2t3NHR6ZmNuMA=="]}]}},"_links":{"self":[{"href":"https:\/\/zunzunmarket.com\/en\/wp-json\/wp\/v2\/product\/10368"}],"collection":[{"href":"https:\/\/zunzunmarket.com\/en\/wp-json\/wp\/v2\/product"}],"about":[{"href":"https:\/\/zunzunmarket.com\/en\/wp-json\/wp\/v2\/types\/product"}],"replies":[{"embeddable":true,"href":"https:\/\/zunzunmarket.com\/en\/wp-json\/wp\/v2\/comments?post=10368"}],"wp:featuredmedia":[{"embeddable":true,"href":"https:\/\/zunzunmarket.com\/en\/wp-json\/wp\/v2\/media\/6020"}],"wp:attachment":[{"href":"https:\/\/zunzunmarket.com\/en\/wp-json\/wp\/v2\/media?parent=10368"}],"wp:term":[{"taxonomy":"product_brand","embeddable":true,"href":"https:\/\/zunzunmarket.com\/en\/wp-json\/wp\/v2\/product_brand?post=10368"},{"taxonomy":"product_cat","embeddable":true,"href":"https:\/\/zunzunmarket.com\/en\/wp-json\/wp\/v2\/product_cat?post=10368"},{"taxonomy":"product_tag","embeddable":true,"href":"https:\/\/zunzunmarket.com\/en\/wp-json\/wp\/v2\/product_tag?post=10368"}],"curies":[{"name":"wp","href":"https:\/\/api.w.org\/{rel}","templated":true}]}}