{"id":10357,"date":"2025-02-14T14:56:43","date_gmt":"2025-02-14T19:56:43","guid":{"rendered":"https:\/\/zunzunmarket.com\/?post_type=product&#038;p=10357"},"modified":"2025-07-04T00:56:12","modified_gmt":"2025-07-04T05:56:12","slug":"chicharrones-de-cerdo-al-natural-2-kg","status":"publish","type":"product","link":"https:\/\/zunzunmarket.com\/en\/producto\/chicharrones-de-cerdo-al-natural-2-kg\/","title":{"rendered":"Chicharrones de Cerdo al Natural (2 kg)"},"content":{"rendered":"<p>Los chicharrones de cerdo al natural son un delicioso y crujiente aperitivo, elaborado con carne de cerdo de alta calidad. Sin aditivos ni conservantes, ofrecen un sabor aut\u00e9ntico y una textura irresistible, perfectos para disfrutar solos o acompa\u00f1ados de salsas y guarniciones. Ideal para cualquier ocasi\u00f3n, estos chicharrones son una opci\u00f3n saludable y sabrosa para los amantes de los snacks.<\/p>\n","protected":false},"excerpt":{"rendered":"<p>Chicharrones de Cerdo al Natural<\/p>\n","protected":false},"featured_media":10612,"comment_status":"closed","ping_status":"closed","template":"","meta":[],"product_brand":[],"product_cat":[205,208],"product_tag":[937,1080,822],"class_list":{"0":"post-10357","1":"product","2":"type-product","3":"status-publish","4":"has-post-thumbnail","6":"product_cat-carnes-es","7":"product_cat-cerdo","8":"product_tag-cerdo","9":"product_tag-chicharrones","10":"product_tag-natural","12":"first","13":"instock","14":"sale","15":"taxable","16":"shipping-taxable","17":"purchasable","18":"product-type-simple"},"yoast_head":"<!-- This site is optimized with the Yoast SEO plugin v25.4 - https:\/\/yoast.com\/wordpress\/plugins\/seo\/ -->\n<title>Chicharrones de Cerdo al Natural (2 kg) - ZUNZUN MARKET<\/title>\n<meta name=\"description\" content=\"Chicharrones de Cerdo al Natural\" \/>\n<meta name=\"robots\" content=\"index, follow, max-snippet:-1, max-image-preview:large, max-video-preview:-1\" \/>\n<link rel=\"canonical\" href=\"https:\/\/zunzunmarket.com\/en\/producto\/chicharrones-de-cerdo-al-natural-2-kg\/\" \/>\n<meta property=\"og:locale\" content=\"en_US\" \/>\n<meta property=\"og:type\" content=\"article\" \/>\n<meta property=\"og:title\" content=\"Chicharrones de Cerdo al Natural (2 kg) - ZUNZUN MARKET\" \/>\n<meta property=\"og:description\" content=\"Chicharrones de Cerdo al Natural\" \/>\n<meta property=\"og:url\" content=\"https:\/\/zunzunmarket.com\/en\/producto\/chicharrones-de-cerdo-al-natural-2-kg\/\" \/>\n<meta property=\"og:site_name\" content=\"ZUNZUN MARKET\" \/>\n<meta property=\"article:publisher\" content=\"https:\/\/www.facebook.com\/profile.php?id=61557545019369\" \/>\n<meta property=\"article:modified_time\" content=\"2025-07-04T05:56:12+00:00\" \/>\n<meta property=\"og:image\" content=\"https:\/\/zunzunmarket.com\/wp-content\/uploads\/2025\/05\/chicharoncrudook.jpg\" \/>\n\t<meta property=\"og:image:width\" content=\"1024\" \/>\n\t<meta property=\"og:image:height\" content=\"1024\" \/>\n\t<meta property=\"og:image:type\" content=\"image\/jpeg\" \/>\n<meta name=\"twitter:card\" content=\"summary_large_image\" \/>\n<script type=\"application\/ld+json\" class=\"yoast-schema-graph\">{\"@context\":\"https:\/\/schema.org\",\"@graph\":[{\"@type\":\"WebPage\",\"@id\":\"https:\/\/zunzunmarket.com\/en\/producto\/chicharrones-de-cerdo-al-natural-2-kg\/\",\"url\":\"https:\/\/zunzunmarket.com\/en\/producto\/chicharrones-de-cerdo-al-natural-2-kg\/\",\"name\":\"Chicharrones de Cerdo al Natural (2 kg) - ZUNZUN MARKET\",\"isPartOf\":{\"@id\":\"https:\/\/zunzunmarket.com\/en\/#website\"},\"primaryImageOfPage\":{\"@id\":\"https:\/\/zunzunmarket.com\/en\/producto\/chicharrones-de-cerdo-al-natural-2-kg\/#primaryimage\"},\"image\":{\"@id\":\"https:\/\/zunzunmarket.com\/en\/producto\/chicharrones-de-cerdo-al-natural-2-kg\/#primaryimage\"},\"thumbnailUrl\":\"https:\/\/zunzunmarket.com\/wp-content\/uploads\/2025\/05\/chicharoncrudook.jpg\",\"datePublished\":\"2025-02-14T19:56:43+00:00\",\"dateModified\":\"2025-07-04T05:56:12+00:00\",\"description\":\"Chicharrones de Cerdo al Natural\",\"breadcrumb\":{\"@id\":\"https:\/\/zunzunmarket.com\/en\/producto\/chicharrones-de-cerdo-al-natural-2-kg\/#breadcrumb\"},\"inLanguage\":\"en-US\",\"potentialAction\":[{\"@type\":\"ReadAction\",\"target\":[\"https:\/\/zunzunmarket.com\/en\/producto\/chicharrones-de-cerdo-al-natural-2-kg\/\"]}]},{\"@type\":\"ImageObject\",\"inLanguage\":\"en-US\",\"@id\":\"https:\/\/zunzunmarket.com\/en\/producto\/chicharrones-de-cerdo-al-natural-2-kg\/#primaryimage\",\"url\":\"https:\/\/zunzunmarket.com\/wp-content\/uploads\/2025\/05\/chicharoncrudook.jpg\",\"contentUrl\":\"https:\/\/zunzunmarket.com\/wp-content\/uploads\/2025\/05\/chicharoncrudook.jpg\",\"width\":1024,\"height\":1024},{\"@type\":\"BreadcrumbList\",\"@id\":\"https:\/\/zunzunmarket.com\/en\/producto\/chicharrones-de-cerdo-al-natural-2-kg\/#breadcrumb\",\"itemListElement\":[{\"@type\":\"ListItem\",\"position\":1,\"name\":\"Portada\",\"item\":\"https:\/\/zunzunmarket.com\/en\/\"},{\"@type\":\"ListItem\",\"position\":2,\"name\":\"All products\",\"item\":\"https:\/\/zunzunmarket.com\/en\/shop\/\"},{\"@type\":\"ListItem\",\"position\":3,\"name\":\"Chicharrones de Cerdo al Natural (2 kg)\"}]},{\"@type\":\"WebSite\",\"@id\":\"https:\/\/zunzunmarket.com\/en\/#website\",\"url\":\"https:\/\/zunzunmarket.com\/en\/\",\"name\":\"ZUNZUN MARKET\",\"description\":\"Supermercado online de Audiovisual Edici&oacute;n Media Espa&ntilde;a SL.\",\"publisher\":{\"@id\":\"https:\/\/zunzunmarket.com\/en\/#organization\"},\"potentialAction\":[{\"@type\":\"SearchAction\",\"target\":{\"@type\":\"EntryPoint\",\"urlTemplate\":\"https:\/\/zunzunmarket.com\/en\/?s={search_term_string}\"},\"query-input\":{\"@type\":\"PropertyValueSpecification\",\"valueRequired\":true,\"valueName\":\"search_term_string\"}}],\"inLanguage\":\"en-US\"},{\"@type\":\"Organization\",\"@id\":\"https:\/\/zunzunmarket.com\/en\/#organization\",\"name\":\"ZUNZUN MARKET\",\"url\":\"https:\/\/zunzunmarket.com\/en\/\",\"logo\":{\"@type\":\"ImageObject\",\"inLanguage\":\"en-US\",\"@id\":\"https:\/\/zunzunmarket.com\/en\/#\/schema\/logo\/image\/\",\"url\":\"https:\/\/zunzunmarket.com\/wp-content\/uploads\/2023\/09\/Logo_Zunzun_Market_400x400px_white_tiny.png\",\"contentUrl\":\"https:\/\/zunzunmarket.com\/wp-content\/uploads\/2023\/09\/Logo_Zunzun_Market_400x400px_white_tiny.png\",\"width\":400,\"height\":400,\"caption\":\"ZUNZUN MARKET\"},\"image\":{\"@id\":\"https:\/\/zunzunmarket.com\/en\/#\/schema\/logo\/image\/\"},\"sameAs\":[\"https:\/\/www.facebook.com\/profile.php?id=61557545019369\",\"https:\/\/www.instagram.com\/zunzun_market?igsh=MTIyc2t3NHR6ZmNuMA==\"]}]}<\/script>\n<!-- \/ Yoast SEO plugin. -->","yoast_head_json":{"title":"Chicharrones de Cerdo al Natural (2 kg) - ZUNZUN MARKET","description":"Chicharrones de Cerdo al Natural","robots":{"index":"index","follow":"follow","max-snippet":"max-snippet:-1","max-image-preview":"max-image-preview:large","max-video-preview":"max-video-preview:-1"},"canonical":"https:\/\/zunzunmarket.com\/en\/producto\/chicharrones-de-cerdo-al-natural-2-kg\/","og_locale":"en_US","og_type":"article","og_title":"Chicharrones de Cerdo al Natural (2 kg) - ZUNZUN MARKET","og_description":"Chicharrones de Cerdo al Natural","og_url":"https:\/\/zunzunmarket.com\/en\/producto\/chicharrones-de-cerdo-al-natural-2-kg\/","og_site_name":"ZUNZUN MARKET","article_publisher":"https:\/\/www.facebook.com\/profile.php?id=61557545019369","article_modified_time":"2025-07-04T05:56:12+00:00","og_image":[{"width":1024,"height":1024,"url":"https:\/\/zunzunmarket.com\/wp-content\/uploads\/2025\/05\/chicharoncrudook.jpg","type":"image\/jpeg"}],"twitter_card":"summary_large_image","schema":{"@context":"https:\/\/schema.org","@graph":[{"@type":"WebPage","@id":"https:\/\/zunzunmarket.com\/en\/producto\/chicharrones-de-cerdo-al-natural-2-kg\/","url":"https:\/\/zunzunmarket.com\/en\/producto\/chicharrones-de-cerdo-al-natural-2-kg\/","name":"Chicharrones de Cerdo al Natural (2 kg) - ZUNZUN MARKET","isPartOf":{"@id":"https:\/\/zunzunmarket.com\/en\/#website"},"primaryImageOfPage":{"@id":"https:\/\/zunzunmarket.com\/en\/producto\/chicharrones-de-cerdo-al-natural-2-kg\/#primaryimage"},"image":{"@id":"https:\/\/zunzunmarket.com\/en\/producto\/chicharrones-de-cerdo-al-natural-2-kg\/#primaryimage"},"thumbnailUrl":"https:\/\/zunzunmarket.com\/wp-content\/uploads\/2025\/05\/chicharoncrudook.jpg","datePublished":"2025-02-14T19:56:43+00:00","dateModified":"2025-07-04T05:56:12+00:00","description":"Chicharrones de Cerdo al Natural","breadcrumb":{"@id":"https:\/\/zunzunmarket.com\/en\/producto\/chicharrones-de-cerdo-al-natural-2-kg\/#breadcrumb"},"inLanguage":"en-US","potentialAction":[{"@type":"ReadAction","target":["https:\/\/zunzunmarket.com\/en\/producto\/chicharrones-de-cerdo-al-natural-2-kg\/"]}]},{"@type":"ImageObject","inLanguage":"en-US","@id":"https:\/\/zunzunmarket.com\/en\/producto\/chicharrones-de-cerdo-al-natural-2-kg\/#primaryimage","url":"https:\/\/zunzunmarket.com\/wp-content\/uploads\/2025\/05\/chicharoncrudook.jpg","contentUrl":"https:\/\/zunzunmarket.com\/wp-content\/uploads\/2025\/05\/chicharoncrudook.jpg","width":1024,"height":1024},{"@type":"BreadcrumbList","@id":"https:\/\/zunzunmarket.com\/en\/producto\/chicharrones-de-cerdo-al-natural-2-kg\/#breadcrumb","itemListElement":[{"@type":"ListItem","position":1,"name":"Portada","item":"https:\/\/zunzunmarket.com\/en\/"},{"@type":"ListItem","position":2,"name":"All products","item":"https:\/\/zunzunmarket.com\/en\/shop\/"},{"@type":"ListItem","position":3,"name":"Chicharrones de Cerdo al Natural (2 kg)"}]},{"@type":"WebSite","@id":"https:\/\/zunzunmarket.com\/en\/#website","url":"https:\/\/zunzunmarket.com\/en\/","name":"ZUNZUN MARKET","description":"Supermercado online de Audiovisual Edici&oacute;n Media Espa&ntilde;a SL.","publisher":{"@id":"https:\/\/zunzunmarket.com\/en\/#organization"},"potentialAction":[{"@type":"SearchAction","target":{"@type":"EntryPoint","urlTemplate":"https:\/\/zunzunmarket.com\/en\/?s={search_term_string}"},"query-input":{"@type":"PropertyValueSpecification","valueRequired":true,"valueName":"search_term_string"}}],"inLanguage":"en-US"},{"@type":"Organization","@id":"https:\/\/zunzunmarket.com\/en\/#organization","name":"ZUNZUN MARKET","url":"https:\/\/zunzunmarket.com\/en\/","logo":{"@type":"ImageObject","inLanguage":"en-US","@id":"https:\/\/zunzunmarket.com\/en\/#\/schema\/logo\/image\/","url":"https:\/\/zunzunmarket.com\/wp-content\/uploads\/2023\/09\/Logo_Zunzun_Market_400x400px_white_tiny.png","contentUrl":"https:\/\/zunzunmarket.com\/wp-content\/uploads\/2023\/09\/Logo_Zunzun_Market_400x400px_white_tiny.png","width":400,"height":400,"caption":"ZUNZUN MARKET"},"image":{"@id":"https:\/\/zunzunmarket.com\/en\/#\/schema\/logo\/image\/"},"sameAs":["https:\/\/www.facebook.com\/profile.php?id=61557545019369","https:\/\/www.instagram.com\/zunzun_market?igsh=MTIyc2t3NHR6ZmNuMA=="]}]}},"_links":{"self":[{"href":"https:\/\/zunzunmarket.com\/en\/wp-json\/wp\/v2\/product\/10357"}],"collection":[{"href":"https:\/\/zunzunmarket.com\/en\/wp-json\/wp\/v2\/product"}],"about":[{"href":"https:\/\/zunzunmarket.com\/en\/wp-json\/wp\/v2\/types\/product"}],"replies":[{"embeddable":true,"href":"https:\/\/zunzunmarket.com\/en\/wp-json\/wp\/v2\/comments?post=10357"}],"wp:featuredmedia":[{"embeddable":true,"href":"https:\/\/zunzunmarket.com\/en\/wp-json\/wp\/v2\/media\/10612"}],"wp:attachment":[{"href":"https:\/\/zunzunmarket.com\/en\/wp-json\/wp\/v2\/media?parent=10357"}],"wp:term":[{"taxonomy":"product_brand","embeddable":true,"href":"https:\/\/zunzunmarket.com\/en\/wp-json\/wp\/v2\/product_brand?post=10357"},{"taxonomy":"product_cat","embeddable":true,"href":"https:\/\/zunzunmarket.com\/en\/wp-json\/wp\/v2\/product_cat?post=10357"},{"taxonomy":"product_tag","embeddable":true,"href":"https:\/\/zunzunmarket.com\/en\/wp-json\/wp\/v2\/product_tag?post=10357"}],"curies":[{"name":"wp","href":"https:\/\/api.w.org\/{rel}","templated":true}]}}