{"id":10337,"date":"2025-02-14T13:47:18","date_gmt":"2025-02-14T18:47:18","guid":{"rendered":"https:\/\/zunzunmarket.com\/?post_type=product&#038;p=10337"},"modified":"2025-02-21T09:59:00","modified_gmt":"2025-02-21T14:59:00","slug":"bistec-de-pechuga-empanado-6u","status":"publish","type":"product","link":"https:\/\/zunzunmarket.com\/en\/producto\/bistec-de-pechuga-empanado-6u\/","title":{"rendered":"Bistec de Pechuga de Pollo Empanado (6u)"},"content":{"rendered":"<p>El bistec de pechuga empanado es una deliciosa opci\u00f3n culinaria que combina la suavidad de la pechuga de pollo con un crujiente empanizado dorado. Este plato se caracteriza por su jugosidad y su sabor, ideal para acompa\u00f1ar con guarniciones variadas. Perfecto para una comida familiar o una cena especial, su preparaci\u00f3n es sencilla y r\u00e1pida, garantizando satisfacci\u00f3n en cada bocado.<\/p>\n","protected":false},"excerpt":{"rendered":"<p>Cortes en forma de bistec de pechuga de pollo empanados<\/p>\n","protected":false},"featured_media":10338,"comment_status":"closed","ping_status":"closed","template":"","meta":[],"product_brand":[],"product_cat":[205,212],"product_tag":[1810,2298,1883,855],"class_list":{"0":"post-10337","1":"product","2":"type-product","3":"status-publish","4":"has-post-thumbnail","6":"product_cat-carnes-es","7":"product_cat-pollo","8":"product_tag-bistec","9":"product_tag-empanado","10":"product_tag-pechuga","11":"product_tag-pollo","13":"first","14":"instock","15":"taxable","16":"shipping-taxable","17":"purchasable","18":"product-type-simple"},"yoast_head":"<!-- This site is optimized with the Yoast SEO plugin v25.4 - https:\/\/yoast.com\/wordpress\/plugins\/seo\/ -->\n<title>Bistec de Pechuga de Pollo Empanado (6u) - ZUNZUN MARKET<\/title>\n<meta name=\"description\" content=\"Cortes en forma de bistec de pechuga de pollo empanados\" \/>\n<meta name=\"robots\" content=\"index, follow, max-snippet:-1, max-image-preview:large, max-video-preview:-1\" \/>\n<link rel=\"canonical\" href=\"https:\/\/zunzunmarket.com\/en\/producto\/bistec-de-pechuga-empanado-6u\/\" \/>\n<meta property=\"og:locale\" content=\"en_US\" \/>\n<meta property=\"og:type\" content=\"article\" \/>\n<meta property=\"og:title\" content=\"Bistec de Pechuga de Pollo Empanado (6u) - ZUNZUN MARKET\" \/>\n<meta property=\"og:description\" content=\"Cortes en forma de bistec de pechuga de pollo empanados\" \/>\n<meta property=\"og:url\" content=\"https:\/\/zunzunmarket.com\/en\/producto\/bistec-de-pechuga-empanado-6u\/\" \/>\n<meta property=\"og:site_name\" content=\"ZUNZUN MARKET\" \/>\n<meta property=\"article:publisher\" content=\"https:\/\/www.facebook.com\/profile.php?id=61557545019369\" \/>\n<meta property=\"article:modified_time\" content=\"2025-02-21T14:59:00+00:00\" \/>\n<meta property=\"og:image\" content=\"https:\/\/zunzunmarket.com\/wp-content\/uploads\/2025\/02\/Bistec-de-Pechuga-Empanado-6U.jpg\" \/>\n\t<meta property=\"og:image:width\" content=\"1080\" \/>\n\t<meta property=\"og:image:height\" content=\"1080\" \/>\n\t<meta property=\"og:image:type\" content=\"image\/jpeg\" \/>\n<meta name=\"twitter:card\" content=\"summary_large_image\" \/>\n<script type=\"application\/ld+json\" class=\"yoast-schema-graph\">{\"@context\":\"https:\/\/schema.org\",\"@graph\":[{\"@type\":\"WebPage\",\"@id\":\"https:\/\/zunzunmarket.com\/en\/producto\/bistec-de-pechuga-empanado-6u\/\",\"url\":\"https:\/\/zunzunmarket.com\/en\/producto\/bistec-de-pechuga-empanado-6u\/\",\"name\":\"Bistec de Pechuga de Pollo Empanado (6u) - ZUNZUN MARKET\",\"isPartOf\":{\"@id\":\"https:\/\/zunzunmarket.com\/en\/#website\"},\"primaryImageOfPage\":{\"@id\":\"https:\/\/zunzunmarket.com\/en\/producto\/bistec-de-pechuga-empanado-6u\/#primaryimage\"},\"image\":{\"@id\":\"https:\/\/zunzunmarket.com\/en\/producto\/bistec-de-pechuga-empanado-6u\/#primaryimage\"},\"thumbnailUrl\":\"https:\/\/zunzunmarket.com\/wp-content\/uploads\/2025\/02\/Bistec-de-Pechuga-Empanado-6U.jpg\",\"datePublished\":\"2025-02-14T18:47:18+00:00\",\"dateModified\":\"2025-02-21T14:59:00+00:00\",\"description\":\"Cortes en forma de bistec de pechuga de pollo empanados\",\"breadcrumb\":{\"@id\":\"https:\/\/zunzunmarket.com\/en\/producto\/bistec-de-pechuga-empanado-6u\/#breadcrumb\"},\"inLanguage\":\"en-US\",\"potentialAction\":[{\"@type\":\"ReadAction\",\"target\":[\"https:\/\/zunzunmarket.com\/en\/producto\/bistec-de-pechuga-empanado-6u\/\"]}]},{\"@type\":\"ImageObject\",\"inLanguage\":\"en-US\",\"@id\":\"https:\/\/zunzunmarket.com\/en\/producto\/bistec-de-pechuga-empanado-6u\/#primaryimage\",\"url\":\"https:\/\/zunzunmarket.com\/wp-content\/uploads\/2025\/02\/Bistec-de-Pechuga-Empanado-6U.jpg\",\"contentUrl\":\"https:\/\/zunzunmarket.com\/wp-content\/uploads\/2025\/02\/Bistec-de-Pechuga-Empanado-6U.jpg\",\"width\":1080,\"height\":1080},{\"@type\":\"BreadcrumbList\",\"@id\":\"https:\/\/zunzunmarket.com\/en\/producto\/bistec-de-pechuga-empanado-6u\/#breadcrumb\",\"itemListElement\":[{\"@type\":\"ListItem\",\"position\":1,\"name\":\"Portada\",\"item\":\"https:\/\/zunzunmarket.com\/en\/\"},{\"@type\":\"ListItem\",\"position\":2,\"name\":\"All products\",\"item\":\"https:\/\/zunzunmarket.com\/en\/shop\/\"},{\"@type\":\"ListItem\",\"position\":3,\"name\":\"Bistec de Pechuga de Pollo Empanado (6u)\"}]},{\"@type\":\"WebSite\",\"@id\":\"https:\/\/zunzunmarket.com\/en\/#website\",\"url\":\"https:\/\/zunzunmarket.com\/en\/\",\"name\":\"ZUNZUN MARKET\",\"description\":\"Supermercado online de Audiovisual Edici&oacute;n Media Espa&ntilde;a SL.\",\"publisher\":{\"@id\":\"https:\/\/zunzunmarket.com\/en\/#organization\"},\"potentialAction\":[{\"@type\":\"SearchAction\",\"target\":{\"@type\":\"EntryPoint\",\"urlTemplate\":\"https:\/\/zunzunmarket.com\/en\/?s={search_term_string}\"},\"query-input\":{\"@type\":\"PropertyValueSpecification\",\"valueRequired\":true,\"valueName\":\"search_term_string\"}}],\"inLanguage\":\"en-US\"},{\"@type\":\"Organization\",\"@id\":\"https:\/\/zunzunmarket.com\/en\/#organization\",\"name\":\"ZUNZUN MARKET\",\"url\":\"https:\/\/zunzunmarket.com\/en\/\",\"logo\":{\"@type\":\"ImageObject\",\"inLanguage\":\"en-US\",\"@id\":\"https:\/\/zunzunmarket.com\/en\/#\/schema\/logo\/image\/\",\"url\":\"https:\/\/zunzunmarket.com\/wp-content\/uploads\/2023\/09\/Logo_Zunzun_Market_400x400px_white_tiny.png\",\"contentUrl\":\"https:\/\/zunzunmarket.com\/wp-content\/uploads\/2023\/09\/Logo_Zunzun_Market_400x400px_white_tiny.png\",\"width\":400,\"height\":400,\"caption\":\"ZUNZUN MARKET\"},\"image\":{\"@id\":\"https:\/\/zunzunmarket.com\/en\/#\/schema\/logo\/image\/\"},\"sameAs\":[\"https:\/\/www.facebook.com\/profile.php?id=61557545019369\",\"https:\/\/www.instagram.com\/zunzun_market?igsh=MTIyc2t3NHR6ZmNuMA==\"]}]}<\/script>\n<!-- \/ Yoast SEO plugin. -->","yoast_head_json":{"title":"Bistec de Pechuga de Pollo Empanado (6u) - ZUNZUN MARKET","description":"Cortes en forma de bistec de pechuga de pollo empanados","robots":{"index":"index","follow":"follow","max-snippet":"max-snippet:-1","max-image-preview":"max-image-preview:large","max-video-preview":"max-video-preview:-1"},"canonical":"https:\/\/zunzunmarket.com\/en\/producto\/bistec-de-pechuga-empanado-6u\/","og_locale":"en_US","og_type":"article","og_title":"Bistec de Pechuga de Pollo Empanado (6u) - ZUNZUN MARKET","og_description":"Cortes en forma de bistec de pechuga de pollo empanados","og_url":"https:\/\/zunzunmarket.com\/en\/producto\/bistec-de-pechuga-empanado-6u\/","og_site_name":"ZUNZUN MARKET","article_publisher":"https:\/\/www.facebook.com\/profile.php?id=61557545019369","article_modified_time":"2025-02-21T14:59:00+00:00","og_image":[{"width":1080,"height":1080,"url":"https:\/\/zunzunmarket.com\/wp-content\/uploads\/2025\/02\/Bistec-de-Pechuga-Empanado-6U.jpg","type":"image\/jpeg"}],"twitter_card":"summary_large_image","schema":{"@context":"https:\/\/schema.org","@graph":[{"@type":"WebPage","@id":"https:\/\/zunzunmarket.com\/en\/producto\/bistec-de-pechuga-empanado-6u\/","url":"https:\/\/zunzunmarket.com\/en\/producto\/bistec-de-pechuga-empanado-6u\/","name":"Bistec de Pechuga de Pollo Empanado (6u) - ZUNZUN MARKET","isPartOf":{"@id":"https:\/\/zunzunmarket.com\/en\/#website"},"primaryImageOfPage":{"@id":"https:\/\/zunzunmarket.com\/en\/producto\/bistec-de-pechuga-empanado-6u\/#primaryimage"},"image":{"@id":"https:\/\/zunzunmarket.com\/en\/producto\/bistec-de-pechuga-empanado-6u\/#primaryimage"},"thumbnailUrl":"https:\/\/zunzunmarket.com\/wp-content\/uploads\/2025\/02\/Bistec-de-Pechuga-Empanado-6U.jpg","datePublished":"2025-02-14T18:47:18+00:00","dateModified":"2025-02-21T14:59:00+00:00","description":"Cortes en forma de bistec de pechuga de pollo empanados","breadcrumb":{"@id":"https:\/\/zunzunmarket.com\/en\/producto\/bistec-de-pechuga-empanado-6u\/#breadcrumb"},"inLanguage":"en-US","potentialAction":[{"@type":"ReadAction","target":["https:\/\/zunzunmarket.com\/en\/producto\/bistec-de-pechuga-empanado-6u\/"]}]},{"@type":"ImageObject","inLanguage":"en-US","@id":"https:\/\/zunzunmarket.com\/en\/producto\/bistec-de-pechuga-empanado-6u\/#primaryimage","url":"https:\/\/zunzunmarket.com\/wp-content\/uploads\/2025\/02\/Bistec-de-Pechuga-Empanado-6U.jpg","contentUrl":"https:\/\/zunzunmarket.com\/wp-content\/uploads\/2025\/02\/Bistec-de-Pechuga-Empanado-6U.jpg","width":1080,"height":1080},{"@type":"BreadcrumbList","@id":"https:\/\/zunzunmarket.com\/en\/producto\/bistec-de-pechuga-empanado-6u\/#breadcrumb","itemListElement":[{"@type":"ListItem","position":1,"name":"Portada","item":"https:\/\/zunzunmarket.com\/en\/"},{"@type":"ListItem","position":2,"name":"All products","item":"https:\/\/zunzunmarket.com\/en\/shop\/"},{"@type":"ListItem","position":3,"name":"Bistec de Pechuga de Pollo Empanado (6u)"}]},{"@type":"WebSite","@id":"https:\/\/zunzunmarket.com\/en\/#website","url":"https:\/\/zunzunmarket.com\/en\/","name":"ZUNZUN MARKET","description":"Supermercado online de Audiovisual Edici&oacute;n Media Espa&ntilde;a SL.","publisher":{"@id":"https:\/\/zunzunmarket.com\/en\/#organization"},"potentialAction":[{"@type":"SearchAction","target":{"@type":"EntryPoint","urlTemplate":"https:\/\/zunzunmarket.com\/en\/?s={search_term_string}"},"query-input":{"@type":"PropertyValueSpecification","valueRequired":true,"valueName":"search_term_string"}}],"inLanguage":"en-US"},{"@type":"Organization","@id":"https:\/\/zunzunmarket.com\/en\/#organization","name":"ZUNZUN MARKET","url":"https:\/\/zunzunmarket.com\/en\/","logo":{"@type":"ImageObject","inLanguage":"en-US","@id":"https:\/\/zunzunmarket.com\/en\/#\/schema\/logo\/image\/","url":"https:\/\/zunzunmarket.com\/wp-content\/uploads\/2023\/09\/Logo_Zunzun_Market_400x400px_white_tiny.png","contentUrl":"https:\/\/zunzunmarket.com\/wp-content\/uploads\/2023\/09\/Logo_Zunzun_Market_400x400px_white_tiny.png","width":400,"height":400,"caption":"ZUNZUN MARKET"},"image":{"@id":"https:\/\/zunzunmarket.com\/en\/#\/schema\/logo\/image\/"},"sameAs":["https:\/\/www.facebook.com\/profile.php?id=61557545019369","https:\/\/www.instagram.com\/zunzun_market?igsh=MTIyc2t3NHR6ZmNuMA=="]}]}},"_links":{"self":[{"href":"https:\/\/zunzunmarket.com\/en\/wp-json\/wp\/v2\/product\/10337"}],"collection":[{"href":"https:\/\/zunzunmarket.com\/en\/wp-json\/wp\/v2\/product"}],"about":[{"href":"https:\/\/zunzunmarket.com\/en\/wp-json\/wp\/v2\/types\/product"}],"replies":[{"embeddable":true,"href":"https:\/\/zunzunmarket.com\/en\/wp-json\/wp\/v2\/comments?post=10337"}],"wp:featuredmedia":[{"embeddable":true,"href":"https:\/\/zunzunmarket.com\/en\/wp-json\/wp\/v2\/media\/10338"}],"wp:attachment":[{"href":"https:\/\/zunzunmarket.com\/en\/wp-json\/wp\/v2\/media?parent=10337"}],"wp:term":[{"taxonomy":"product_brand","embeddable":true,"href":"https:\/\/zunzunmarket.com\/en\/wp-json\/wp\/v2\/product_brand?post=10337"},{"taxonomy":"product_cat","embeddable":true,"href":"https:\/\/zunzunmarket.com\/en\/wp-json\/wp\/v2\/product_cat?post=10337"},{"taxonomy":"product_tag","embeddable":true,"href":"https:\/\/zunzunmarket.com\/en\/wp-json\/wp\/v2\/product_tag?post=10337"}],"curies":[{"name":"wp","href":"https:\/\/api.w.org\/{rel}","templated":true}]}}