{"id":621,"date":"2023-05-15T22:41:59","date_gmt":"2023-05-15T22:41:59","guid":{"rendered":"https:\/\/zunzunmarket.com\/?page_id=621"},"modified":"2023-10-31T14:34:23","modified_gmt":"2023-10-31T14:34:23","slug":"politica-de-privacidad","status":"publish","type":"page","link":"https:\/\/zunzunmarket.com\/en\/politica-de-privacidad\/","title":{"rendered":"Privacy Policy"},"content":{"rendered":"<p>This Privacy Policy describes Our policies and procedures on the collection, use and disclosure of Your information when You use the Service and tells You about Your privacy rights and how the law protects You. We use your personal data to provide and improve the Service. By using the Service, you agree to the collection and use of information in accordance with this Privacy Policy.<\/p>\n<p><strong>INTERPRETATION AND DEFINITIONS<\/strong><\/p>\n<p>Words whose initial letter is capitalized have meanings defined under the following conditions. The following definitions will have the same meaning regardless of whether they appear in the singular or plural.<\/p>\n<p>For the purposes of this Privacy Policy:<\/p>\n<p>Account means a unique account created for You to access our Service or parts of our Service.<\/p>\n<p>Affiliate means an entity that controls, is controlled by or is under common control with a party, where &#8220;control&#8221; means ownership of 50% or more of the shares, equity interests or other securities entitled to vote for election of directors or other authority administrative.<\/p>\n<p>Company (referred to as &#8220;the Company&#8221;, &#8220;We&#8221;, &#8220;Us&#8221; or &#8220;Our&#8221; in this Agreement) refers to Audiovisual Edition Media Espa\u00f1a SL., 174 Paseo de la Habana. , 28036 Madrid.<\/p>\n<p>Cookies are small files that a website places on your computer, mobile device or any other device that contain details of your browsing history on that website, among their many uses.<\/p>\n<p>Country refers to: Spain<\/p>\n<p>Device means any device that can access the Service, such as a computer, cell phone or digital tablet.<\/p>\n<p>Personal data is any information that relates to an identified or identifiable individual.<br \/>\nService refers to the Website.<\/p>\n<p>Proveedor de Servicios significa cualquier persona f\u00edsica o jur\u00eddica que procesa los datos en nombre de la Compa\u00f1\u00eda. Refers to third party companies or individuals employed by the Company to facilitate the Service, provide the Service on behalf of the Company, perform services related to the Service or assist the Company in analyzing how the Service is used.<\/p>\n<p>Usage Data means data collected automatically, whether generated by the use of the Service or by the Service&#8217;s own infrastructure (for example, the duration of a page visit).<\/p>\n<p>Website refers to Zunzun Market, accessible from <a href=\"https:\/\/zunzunmarket.com\/en\/\" rel=\"external nofollow noopener\" target=\"_blank\">https:\/\/zunzunmarket.com\/<\/a><\/p>\n<p>You means the individual accessing or using the Service, or the company, or other legal entity on behalf of which such individual is accessing or using the Service, as applicable.<\/p>\n<p><strong>COLLECTION AND USE OF YOUR PERSONAL DATA<\/strong><\/p>\n<p>Types of data collected<\/p>\n<p>Personal Data: While using our Service, we may ask you to provide us with certain personally identifiable information that can be used to contact or identify you. Personally identifiable information may include, but is not limited to:<\/p>\n<p>Email address<br \/>\nName and surname<br \/>\nPhone number<br \/>\nAddress, State, Province, Postal Code, City<\/p>\n<p><strong>USAGE DATA<\/strong><\/p>\n<p>Usage data is collected automatically when you use the Service.<\/p>\n<p>Usage Data may include information such as your device&#8217;s Internet Protocol address (e.g. IP address), browser type, browser version, the pages of our Service that you visit, the time and date of your visit. , the time you spend on those pages. , unique device identifiers and other diagnostic data.<\/p>\n<p>When you access the Service on or through a mobile device, we may collect certain information automatically, including, without limitation, the type of mobile device you use, your mobile device&#8217;s unique ID, and your mobile device&#8217;s IP address. Your mobile operating system, the type of mobile Internet browser you use, unique device identifiers and other diagnostic data.<\/p>\n<p>We may also collect information that your browser sends whenever you visit our Service or when you access the Service via a mobile device.<\/p>\n<p><strong>TRACKING TECHNOLOGIES AND COOKIES<\/strong><\/p>\n<p>We use cookies and similar tracking technologies to track activity on Our Service and store certain information. The tracking technologies used are beacons, tags and scripts to collect and track information.<\/p>\n<p><strong>STEPS OF THE PURCHASE PROCESS IN WHICH YOU PROVIDE YOUR DATA AND HOW IT IS PRESERVED<\/strong><\/p>\n<p>To start the purchase process you need to register. In this first step you must provide your personal information (email, password and password confirmation, first name, last name, address, city, country) which is collected in the registration form to complete the purchase transactions. Your e-mail address is used to confirm your orders and deliveries when they are made. It also provides information when you fill out the form about the recipient&#8217;s information, which is recorded in your address book for future purchases.<\/p>\n<p>These are used only for delivery purposes. The rest of the information that you provide, such as, for example, that referring to your credit card at the time you make the payment, is not stored on our site since, in this process, for security reasons, only the payment gateway.<\/p>\n<p><strong>OTHER ISSUES ABOUT YOUR PRIVACY<\/strong><\/p>\n<p>This site reserves the right to disclose customer information, if we deem it extremely necessary, in case of a personal emergency, protection of the site&#8217;s rights or property, identification, contact or legal action against someone who interferes with our rights or property, intentionally or unintentionally, and when any person is affected by such activities. Any changes in the use of personal information will be communicated in future versions of this Privacy Policy.<\/p>\n<p><strong>COMPANY CONTACTS: <\/strong><\/p>\n<p>Email:<br \/>\ninfo@zunzunmarket.com<br \/>\nPhone numbers:<br \/>\n900-75-10-85 (SPAIN)<br \/>\n1-800-469-3157 (USA)<\/p>\n","protected":false},"excerpt":{"rendered":"<p>This Privacy Policy describes Our policies and procedures on the collection, use and disclosure of Your information when You use the Service and tells You about Your privacy rights and how the law protects You. We use your personal data to provide and improve the Service. By using the Service, you agree to the collection [&#8230;]\n","protected":false},"author":18,"featured_media":0,"parent":0,"menu_order":0,"comment_status":"closed","ping_status":"closed","template":"page-blank-title-center.php","meta":{"footnotes":""},"class_list":["post-621","page","type-page","status-publish","hentry"],"yoast_head":"<!-- This site is optimized with the Yoast SEO plugin v25.4 - https:\/\/yoast.com\/wordpress\/plugins\/seo\/ -->\n<title>Privacy Policy - ZUNZUN MARKET<\/title>\n<meta name=\"description\" content=\"Supermercado online, que le permite realizar env\u00edos con entrega en casa de 24 a 72 horas, variedad de productos, con los mejores precios del mercado.\" \/>\n<meta name=\"robots\" content=\"index, follow, max-snippet:-1, max-image-preview:large, max-video-preview:-1\" \/>\n<link rel=\"canonical\" href=\"https:\/\/zunzunmarket.com\/en\/politica-de-privacidad\/\" \/>\n<meta property=\"og:locale\" content=\"en_US\" \/>\n<meta property=\"og:type\" content=\"article\" \/>\n<meta property=\"og:title\" content=\"Privacy Policy - ZUNZUN MARKET\" \/>\n<meta property=\"og:description\" content=\"Supermercado online, que le permite realizar env\u00edos con entrega en casa de 24 a 72 horas, variedad de productos, con los mejores precios del mercado.\" \/>\n<meta property=\"og:url\" content=\"https:\/\/zunzunmarket.com\/en\/politica-de-privacidad\/\" \/>\n<meta property=\"og:site_name\" content=\"ZUNZUN MARKET\" \/>\n<meta property=\"article:publisher\" content=\"https:\/\/www.facebook.com\/profile.php?id=61557545019369\" \/>\n<meta property=\"article:modified_time\" content=\"2023-10-31T14:34:23+00:00\" \/>\n<meta name=\"twitter:card\" content=\"summary_large_image\" \/>\n<meta name=\"twitter:label1\" content=\"Est. reading time\" \/>\n\t<meta name=\"twitter:data1\" content=\"4 minutes\" \/>\n<script type=\"application\/ld+json\" class=\"yoast-schema-graph\">{\"@context\":\"https:\/\/schema.org\",\"@graph\":[{\"@type\":\"WebPage\",\"@id\":\"https:\/\/zunzunmarket.com\/en\/politica-de-privacidad\/\",\"url\":\"https:\/\/zunzunmarket.com\/en\/politica-de-privacidad\/\",\"name\":\"Privacy Policy - ZUNZUN MARKET\",\"isPartOf\":{\"@id\":\"https:\/\/zunzunmarket.com\/en\/#website\"},\"datePublished\":\"2023-05-15T22:41:59+00:00\",\"dateModified\":\"2023-10-31T14:34:23+00:00\",\"description\":\"Supermercado online, que le permite realizar env\u00edos con entrega en casa de 24 a 72 horas, variedad de productos, con los mejores precios del mercado.\",\"breadcrumb\":{\"@id\":\"https:\/\/zunzunmarket.com\/en\/politica-de-privacidad\/#breadcrumb\"},\"inLanguage\":\"en-US\",\"potentialAction\":[{\"@type\":\"ReadAction\",\"target\":[\"https:\/\/zunzunmarket.com\/en\/politica-de-privacidad\/\"]}]},{\"@type\":\"BreadcrumbList\",\"@id\":\"https:\/\/zunzunmarket.com\/en\/politica-de-privacidad\/#breadcrumb\",\"itemListElement\":[{\"@type\":\"ListItem\",\"position\":1,\"name\":\"Portada\",\"item\":\"https:\/\/zunzunmarket.com\/en\/\"},{\"@type\":\"ListItem\",\"position\":2,\"name\":\"Privacy Policy\"}]},{\"@type\":\"WebSite\",\"@id\":\"https:\/\/zunzunmarket.com\/en\/#website\",\"url\":\"https:\/\/zunzunmarket.com\/en\/\",\"name\":\"ZUNZUN MARKET\",\"description\":\"Supermercado online de Audiovisual Edici&oacute;n Media Espa&ntilde;a SL.\",\"publisher\":{\"@id\":\"https:\/\/zunzunmarket.com\/en\/#organization\"},\"potentialAction\":[{\"@type\":\"SearchAction\",\"target\":{\"@type\":\"EntryPoint\",\"urlTemplate\":\"https:\/\/zunzunmarket.com\/en\/?s={search_term_string}\"},\"query-input\":{\"@type\":\"PropertyValueSpecification\",\"valueRequired\":true,\"valueName\":\"search_term_string\"}}],\"inLanguage\":\"en-US\"},{\"@type\":\"Organization\",\"@id\":\"https:\/\/zunzunmarket.com\/en\/#organization\",\"name\":\"ZUNZUN MARKET\",\"url\":\"https:\/\/zunzunmarket.com\/en\/\",\"logo\":{\"@type\":\"ImageObject\",\"inLanguage\":\"en-US\",\"@id\":\"https:\/\/zunzunmarket.com\/en\/#\/schema\/logo\/image\/\",\"url\":\"https:\/\/zunzunmarket.com\/wp-content\/uploads\/2023\/09\/Logo_Zunzun_Market_400x400px_white_tiny.png\",\"contentUrl\":\"https:\/\/zunzunmarket.com\/wp-content\/uploads\/2023\/09\/Logo_Zunzun_Market_400x400px_white_tiny.png\",\"width\":400,\"height\":400,\"caption\":\"ZUNZUN MARKET\"},\"image\":{\"@id\":\"https:\/\/zunzunmarket.com\/en\/#\/schema\/logo\/image\/\"},\"sameAs\":[\"https:\/\/www.facebook.com\/profile.php?id=61557545019369\",\"https:\/\/www.instagram.com\/zunzun_market?igsh=MTIyc2t3NHR6ZmNuMA==\"]}]}<\/script>\n<!-- \/ Yoast SEO plugin. -->","yoast_head_json":{"title":"Privacy Policy - ZUNZUN MARKET","description":"Supermercado online, que le permite realizar env\u00edos con entrega en casa de 24 a 72 horas, variedad de productos, con los mejores precios del mercado.","robots":{"index":"index","follow":"follow","max-snippet":"max-snippet:-1","max-image-preview":"max-image-preview:large","max-video-preview":"max-video-preview:-1"},"canonical":"https:\/\/zunzunmarket.com\/en\/politica-de-privacidad\/","og_locale":"en_US","og_type":"article","og_title":"Privacy Policy - ZUNZUN MARKET","og_description":"Supermercado online, que le permite realizar env\u00edos con entrega en casa de 24 a 72 horas, variedad de productos, con los mejores precios del mercado.","og_url":"https:\/\/zunzunmarket.com\/en\/politica-de-privacidad\/","og_site_name":"ZUNZUN MARKET","article_publisher":"https:\/\/www.facebook.com\/profile.php?id=61557545019369","article_modified_time":"2023-10-31T14:34:23+00:00","twitter_card":"summary_large_image","twitter_misc":{"Est. reading time":"4 minutes"},"schema":{"@context":"https:\/\/schema.org","@graph":[{"@type":"WebPage","@id":"https:\/\/zunzunmarket.com\/en\/politica-de-privacidad\/","url":"https:\/\/zunzunmarket.com\/en\/politica-de-privacidad\/","name":"Privacy Policy - ZUNZUN MARKET","isPartOf":{"@id":"https:\/\/zunzunmarket.com\/en\/#website"},"datePublished":"2023-05-15T22:41:59+00:00","dateModified":"2023-10-31T14:34:23+00:00","description":"Supermercado online, que le permite realizar env\u00edos con entrega en casa de 24 a 72 horas, variedad de productos, con los mejores precios del mercado.","breadcrumb":{"@id":"https:\/\/zunzunmarket.com\/en\/politica-de-privacidad\/#breadcrumb"},"inLanguage":"en-US","potentialAction":[{"@type":"ReadAction","target":["https:\/\/zunzunmarket.com\/en\/politica-de-privacidad\/"]}]},{"@type":"BreadcrumbList","@id":"https:\/\/zunzunmarket.com\/en\/politica-de-privacidad\/#breadcrumb","itemListElement":[{"@type":"ListItem","position":1,"name":"Portada","item":"https:\/\/zunzunmarket.com\/en\/"},{"@type":"ListItem","position":2,"name":"Privacy Policy"}]},{"@type":"WebSite","@id":"https:\/\/zunzunmarket.com\/en\/#website","url":"https:\/\/zunzunmarket.com\/en\/","name":"ZUNZUN MARKET","description":"Supermercado online de Audiovisual Edici&oacute;n Media Espa&ntilde;a SL.","publisher":{"@id":"https:\/\/zunzunmarket.com\/en\/#organization"},"potentialAction":[{"@type":"SearchAction","target":{"@type":"EntryPoint","urlTemplate":"https:\/\/zunzunmarket.com\/en\/?s={search_term_string}"},"query-input":{"@type":"PropertyValueSpecification","valueRequired":true,"valueName":"search_term_string"}}],"inLanguage":"en-US"},{"@type":"Organization","@id":"https:\/\/zunzunmarket.com\/en\/#organization","name":"ZUNZUN MARKET","url":"https:\/\/zunzunmarket.com\/en\/","logo":{"@type":"ImageObject","inLanguage":"en-US","@id":"https:\/\/zunzunmarket.com\/en\/#\/schema\/logo\/image\/","url":"https:\/\/zunzunmarket.com\/wp-content\/uploads\/2023\/09\/Logo_Zunzun_Market_400x400px_white_tiny.png","contentUrl":"https:\/\/zunzunmarket.com\/wp-content\/uploads\/2023\/09\/Logo_Zunzun_Market_400x400px_white_tiny.png","width":400,"height":400,"caption":"ZUNZUN MARKET"},"image":{"@id":"https:\/\/zunzunmarket.com\/en\/#\/schema\/logo\/image\/"},"sameAs":["https:\/\/www.facebook.com\/profile.php?id=61557545019369","https:\/\/www.instagram.com\/zunzun_market?igsh=MTIyc2t3NHR6ZmNuMA=="]}]}},"_links":{"self":[{"href":"https:\/\/zunzunmarket.com\/en\/wp-json\/wp\/v2\/pages\/621"}],"collection":[{"href":"https:\/\/zunzunmarket.com\/en\/wp-json\/wp\/v2\/pages"}],"about":[{"href":"https:\/\/zunzunmarket.com\/en\/wp-json\/wp\/v2\/types\/page"}],"author":[{"embeddable":true,"href":"https:\/\/zunzunmarket.com\/en\/wp-json\/wp\/v2\/users\/18"}],"replies":[{"embeddable":true,"href":"https:\/\/zunzunmarket.com\/en\/wp-json\/wp\/v2\/comments?post=621"}],"version-history":[{"count":0,"href":"https:\/\/zunzunmarket.com\/en\/wp-json\/wp\/v2\/pages\/621\/revisions"}],"wp:attachment":[{"href":"https:\/\/zunzunmarket.com\/en\/wp-json\/wp\/v2\/media?parent=621"}],"curies":[{"name":"wp","href":"https:\/\/api.w.org\/{rel}","templated":true}]}}