{"id":606,"date":"2023-05-15T22:46:20","date_gmt":"2023-05-15T22:46:20","guid":{"rendered":"https:\/\/zunzunmarket.com\/?page_id=606"},"modified":"2023-09-12T19:45:04","modified_gmt":"2023-09-12T19:45:04","slug":"entregas-dias-especificos","status":"publish","type":"page","link":"https:\/\/zunzunmarket.com\/en\/entregas-dias-especificos\/","title":{"rendered":"Entregas D\u00edas Espec\u00edficos"},"content":{"rendered":"<p>ENTREGAS EN D\u00cdAS ESPEC\u00cdFICOS Y ENV\u00cdOS DE REGALOS<\/p>\n<p>Nunca pase por alto una ocasi\u00f3n especial, a\u00fan estando lejos usted puede sentirse cerca de sus seres queridos.<\/p>\n<p>En El Zunzun Super Market usted puede pedir que sus regalos se entreguen a sus familiares y amigos en fechas espec\u00edficas.<\/p>\n<p>Cakes, bufets, flores y cenas a domicilio que usted podr\u00e1 encontrar en nuestra tienda online para que los suyos celebren cumplea\u00f1os, bodas, fiestas o cualquier otro d\u00eda especial.<\/p>\n<p>Visite nuestra tienda para que ordene algunos de los regalos a enviar con entregas en d\u00edas especiales.<\/p>\n<p>Por favor ordene con suficiente tiempo de antelaci\u00f3n para asegurar que su regalo llegue en la fecha deseada.<\/p>\n<p>CONTACTOS DE LA COMPA\u00d1IA:<\/p>\n<p>Email:<\/p>\n<p>Info@zunzunmarkets.com<\/p>\n<p>Tel\u00e9fono:<\/p>\n<p>1-800-469-3157<\/p>\n","protected":false},"excerpt":{"rendered":"<p>ENTREGAS EN D\u00cdAS ESPEC\u00cdFICOS Y ENV\u00cdOS DE REGALOS Nunca pase por alto una ocasi\u00f3n especial, a\u00fan estando lejos usted puede sentirse cerca de sus seres queridos. En El Zunzun Super Market usted puede pedir que sus regalos se entreguen a sus familiares y amigos en fechas espec\u00edficas. Cakes, bufets, flores y cenas a domicilio que [&#8230;]\n","protected":false},"author":18,"featured_media":0,"parent":0,"menu_order":0,"comment_status":"closed","ping_status":"closed","template":"page-blank-title-center.php","meta":{"footnotes":""},"class_list":["post-606","page","type-page","status-publish","hentry"],"yoast_head":"<!-- This site is optimized with the Yoast SEO plugin v25.4 - https:\/\/yoast.com\/wordpress\/plugins\/seo\/ -->\n<title>Entregas D\u00edas Espec\u00edficos - ZUNZUN MARKET<\/title>\n<meta name=\"description\" content=\"Supermercado online, que le permite realizar env\u00edos con entrega en casa de 24 a 72 horas, variedad de productos, con los mejores precios del mercado.\" \/>\n<meta name=\"robots\" content=\"index, follow, max-snippet:-1, max-image-preview:large, max-video-preview:-1\" \/>\n<link rel=\"canonical\" href=\"https:\/\/zunzunmarket.com\/en\/entregas-dias-especificos\/\" \/>\n<meta property=\"og:locale\" content=\"en_US\" \/>\n<meta property=\"og:type\" content=\"article\" \/>\n<meta property=\"og:title\" content=\"Entregas D\u00edas Espec\u00edficos - ZUNZUN MARKET\" \/>\n<meta property=\"og:description\" content=\"Supermercado online, que le permite realizar env\u00edos con entrega en casa de 24 a 72 horas, variedad de productos, con los mejores precios del mercado.\" \/>\n<meta property=\"og:url\" content=\"https:\/\/zunzunmarket.com\/en\/entregas-dias-especificos\/\" \/>\n<meta property=\"og:site_name\" content=\"ZUNZUN MARKET\" \/>\n<meta property=\"article:publisher\" content=\"https:\/\/www.facebook.com\/profile.php?id=61557545019369\" \/>\n<meta property=\"article:modified_time\" content=\"2023-09-12T19:45:04+00:00\" \/>\n<meta name=\"twitter:card\" content=\"summary_large_image\" \/>\n<meta name=\"twitter:label1\" content=\"Est. reading time\" \/>\n\t<meta name=\"twitter:data1\" content=\"1 minute\" \/>\n<script type=\"application\/ld+json\" class=\"yoast-schema-graph\">{\"@context\":\"https:\/\/schema.org\",\"@graph\":[{\"@type\":\"WebPage\",\"@id\":\"https:\/\/zunzunmarket.com\/en\/entregas-dias-especificos\/\",\"url\":\"https:\/\/zunzunmarket.com\/en\/entregas-dias-especificos\/\",\"name\":\"Entregas D\u00edas Espec\u00edficos - ZUNZUN MARKET\",\"isPartOf\":{\"@id\":\"https:\/\/zunzunmarket.com\/en\/#website\"},\"datePublished\":\"2023-05-15T22:46:20+00:00\",\"dateModified\":\"2023-09-12T19:45:04+00:00\",\"description\":\"Supermercado online, que le permite realizar env\u00edos con entrega en casa de 24 a 72 horas, variedad de productos, con los mejores precios del mercado.\",\"breadcrumb\":{\"@id\":\"https:\/\/zunzunmarket.com\/en\/entregas-dias-especificos\/#breadcrumb\"},\"inLanguage\":\"en-US\",\"potentialAction\":[{\"@type\":\"ReadAction\",\"target\":[\"https:\/\/zunzunmarket.com\/en\/entregas-dias-especificos\/\"]}]},{\"@type\":\"BreadcrumbList\",\"@id\":\"https:\/\/zunzunmarket.com\/en\/entregas-dias-especificos\/#breadcrumb\",\"itemListElement\":[{\"@type\":\"ListItem\",\"position\":1,\"name\":\"Portada\",\"item\":\"https:\/\/zunzunmarket.com\/en\/\"},{\"@type\":\"ListItem\",\"position\":2,\"name\":\"Entregas D\u00edas Espec\u00edficos\"}]},{\"@type\":\"WebSite\",\"@id\":\"https:\/\/zunzunmarket.com\/en\/#website\",\"url\":\"https:\/\/zunzunmarket.com\/en\/\",\"name\":\"ZUNZUN MARKET\",\"description\":\"Supermercado online de Audiovisual Edici&oacute;n Media Espa&ntilde;a SL.\",\"publisher\":{\"@id\":\"https:\/\/zunzunmarket.com\/en\/#organization\"},\"potentialAction\":[{\"@type\":\"SearchAction\",\"target\":{\"@type\":\"EntryPoint\",\"urlTemplate\":\"https:\/\/zunzunmarket.com\/en\/?s={search_term_string}\"},\"query-input\":{\"@type\":\"PropertyValueSpecification\",\"valueRequired\":true,\"valueName\":\"search_term_string\"}}],\"inLanguage\":\"en-US\"},{\"@type\":\"Organization\",\"@id\":\"https:\/\/zunzunmarket.com\/en\/#organization\",\"name\":\"ZUNZUN MARKET\",\"url\":\"https:\/\/zunzunmarket.com\/en\/\",\"logo\":{\"@type\":\"ImageObject\",\"inLanguage\":\"en-US\",\"@id\":\"https:\/\/zunzunmarket.com\/en\/#\/schema\/logo\/image\/\",\"url\":\"https:\/\/zunzunmarket.com\/wp-content\/uploads\/2023\/09\/Logo_Zunzun_Market_400x400px_white_tiny.png\",\"contentUrl\":\"https:\/\/zunzunmarket.com\/wp-content\/uploads\/2023\/09\/Logo_Zunzun_Market_400x400px_white_tiny.png\",\"width\":400,\"height\":400,\"caption\":\"ZUNZUN MARKET\"},\"image\":{\"@id\":\"https:\/\/zunzunmarket.com\/en\/#\/schema\/logo\/image\/\"},\"sameAs\":[\"https:\/\/www.facebook.com\/profile.php?id=61557545019369\",\"https:\/\/www.instagram.com\/zunzun_market?igsh=MTIyc2t3NHR6ZmNuMA==\"]}]}<\/script>\n<!-- \/ Yoast SEO plugin. -->","yoast_head_json":{"title":"Entregas D\u00edas Espec\u00edficos - ZUNZUN MARKET","description":"Supermercado online, que le permite realizar env\u00edos con entrega en casa de 24 a 72 horas, variedad de productos, con los mejores precios del mercado.","robots":{"index":"index","follow":"follow","max-snippet":"max-snippet:-1","max-image-preview":"max-image-preview:large","max-video-preview":"max-video-preview:-1"},"canonical":"https:\/\/zunzunmarket.com\/en\/entregas-dias-especificos\/","og_locale":"en_US","og_type":"article","og_title":"Entregas D\u00edas Espec\u00edficos - ZUNZUN MARKET","og_description":"Supermercado online, que le permite realizar env\u00edos con entrega en casa de 24 a 72 horas, variedad de productos, con los mejores precios del mercado.","og_url":"https:\/\/zunzunmarket.com\/en\/entregas-dias-especificos\/","og_site_name":"ZUNZUN MARKET","article_publisher":"https:\/\/www.facebook.com\/profile.php?id=61557545019369","article_modified_time":"2023-09-12T19:45:04+00:00","twitter_card":"summary_large_image","twitter_misc":{"Est. reading time":"1 minute"},"schema":{"@context":"https:\/\/schema.org","@graph":[{"@type":"WebPage","@id":"https:\/\/zunzunmarket.com\/en\/entregas-dias-especificos\/","url":"https:\/\/zunzunmarket.com\/en\/entregas-dias-especificos\/","name":"Entregas D\u00edas Espec\u00edficos - ZUNZUN MARKET","isPartOf":{"@id":"https:\/\/zunzunmarket.com\/en\/#website"},"datePublished":"2023-05-15T22:46:20+00:00","dateModified":"2023-09-12T19:45:04+00:00","description":"Supermercado online, que le permite realizar env\u00edos con entrega en casa de 24 a 72 horas, variedad de productos, con los mejores precios del mercado.","breadcrumb":{"@id":"https:\/\/zunzunmarket.com\/en\/entregas-dias-especificos\/#breadcrumb"},"inLanguage":"en-US","potentialAction":[{"@type":"ReadAction","target":["https:\/\/zunzunmarket.com\/en\/entregas-dias-especificos\/"]}]},{"@type":"BreadcrumbList","@id":"https:\/\/zunzunmarket.com\/en\/entregas-dias-especificos\/#breadcrumb","itemListElement":[{"@type":"ListItem","position":1,"name":"Portada","item":"https:\/\/zunzunmarket.com\/en\/"},{"@type":"ListItem","position":2,"name":"Entregas D\u00edas Espec\u00edficos"}]},{"@type":"WebSite","@id":"https:\/\/zunzunmarket.com\/en\/#website","url":"https:\/\/zunzunmarket.com\/en\/","name":"ZUNZUN MARKET","description":"Supermercado online de Audiovisual Edici&oacute;n Media Espa&ntilde;a SL.","publisher":{"@id":"https:\/\/zunzunmarket.com\/en\/#organization"},"potentialAction":[{"@type":"SearchAction","target":{"@type":"EntryPoint","urlTemplate":"https:\/\/zunzunmarket.com\/en\/?s={search_term_string}"},"query-input":{"@type":"PropertyValueSpecification","valueRequired":true,"valueName":"search_term_string"}}],"inLanguage":"en-US"},{"@type":"Organization","@id":"https:\/\/zunzunmarket.com\/en\/#organization","name":"ZUNZUN MARKET","url":"https:\/\/zunzunmarket.com\/en\/","logo":{"@type":"ImageObject","inLanguage":"en-US","@id":"https:\/\/zunzunmarket.com\/en\/#\/schema\/logo\/image\/","url":"https:\/\/zunzunmarket.com\/wp-content\/uploads\/2023\/09\/Logo_Zunzun_Market_400x400px_white_tiny.png","contentUrl":"https:\/\/zunzunmarket.com\/wp-content\/uploads\/2023\/09\/Logo_Zunzun_Market_400x400px_white_tiny.png","width":400,"height":400,"caption":"ZUNZUN MARKET"},"image":{"@id":"https:\/\/zunzunmarket.com\/en\/#\/schema\/logo\/image\/"},"sameAs":["https:\/\/www.facebook.com\/profile.php?id=61557545019369","https:\/\/www.instagram.com\/zunzun_market?igsh=MTIyc2t3NHR6ZmNuMA=="]}]}},"_links":{"self":[{"href":"https:\/\/zunzunmarket.com\/en\/wp-json\/wp\/v2\/pages\/606"}],"collection":[{"href":"https:\/\/zunzunmarket.com\/en\/wp-json\/wp\/v2\/pages"}],"about":[{"href":"https:\/\/zunzunmarket.com\/en\/wp-json\/wp\/v2\/types\/page"}],"author":[{"embeddable":true,"href":"https:\/\/zunzunmarket.com\/en\/wp-json\/wp\/v2\/users\/18"}],"replies":[{"embeddable":true,"href":"https:\/\/zunzunmarket.com\/en\/wp-json\/wp\/v2\/comments?post=606"}],"version-history":[{"count":0,"href":"https:\/\/zunzunmarket.com\/en\/wp-json\/wp\/v2\/pages\/606\/revisions"}],"wp:attachment":[{"href":"https:\/\/zunzunmarket.com\/en\/wp-json\/wp\/v2\/media?parent=606"}],"curies":[{"name":"wp","href":"https:\/\/api.w.org\/{rel}","templated":true}]}}